{"id":16132,"date":"2020-04-27T17:17:42","date_gmt":"2020-04-27T15:17:42","guid":{"rendered":"https:\/\/tei.lu\/product\/rejillas-de-ventilacion-resistentes-al-fuego-gr2-ei-120\/"},"modified":"2020-04-27T17:17:42","modified_gmt":"2020-04-27T15:17:42","slug":"rejillas-de-ventilacion-resistentes-al-fuego-gr2-ei-120","status":"publish","type":"product","link":"https:\/\/tei.lu\/es\/producto\/rejillas-de-ventilacion-resistentes-al-fuego-gr2-ei-120\/","title":{"rendered":"Rejillas de ventilaci\u00f3n resistentes al fuego GR2 Ei-120"},"content":{"rendered":"","protected":false},"excerpt":{"rendered":"<p>Las rejillas intumescentes reaccionan a una temperatura superior a los 100oC.<br \/>\nAl alcanzar esa temperatura, las rejillas se rompen r\u00e1pidamente (generalmente en menos de 3 minutos, dependiendo de su exposici\u00f3n al calor).<br \/>\nConsisten en fundas termopl\u00e1sticas llenas de bandas intumescentes.<br \/>\nLas rejillas permiten la ventilaci\u00f3n a trav\u00e9s de puertas, paredes y tabiques resistentes al fuego.<\/p>\n<ul>\n<li>F\u00e1cil de instalar.<\/li>\n<li>Para instalaci\u00f3n s\u00f3lo en interiores.<\/li>\n<\/ul>\n<p>Instalaci\u00f3n : Las rejillas se sellan con yeso o silicona, si el hueco disponible es inferior a 5 mm.<br \/>\nNuestros cortafuegos EI se prueban de acuerdo con las normas europeas EN1366- 3:2009, EN1364-1:2015 en FprEN1364- 5:2017<\/p>\n","protected":false},"featured_media":7926,"template":"","meta":{"_acf_changed":false},"product_brand":[],"product_cat":[96],"product_tag":[],"class_list":{"0":"post-16132","1":"product","2":"type-product","3":"status-publish","4":"has-post-thumbnail","6":"product_cat-rejillas-resistentes-al-fuego","8":"first","9":"instock","10":"taxable","11":"shipping-taxable","12":"purchasable","13":"product-type-variable"},"acf":[],"yoast_head":"<!-- This site is optimized with the Yoast SEO plugin v27.3 - https:\/\/yoast.com\/product\/yoast-seo-wordpress\/ -->\n<title>Rejillas de ventilaci\u00f3n resistentes al fuego GR2 Ei-120 - TEI<\/title>\n<meta name=\"robots\" content=\"index, follow, max-snippet:-1, max-image-preview:large, max-video-preview:-1\" \/>\n<link rel=\"canonical\" href=\"https:\/\/tei.lu\/es\/producto\/rejillas-de-ventilacion-resistentes-al-fuego-gr2-ei-120\/\" \/>\n<meta property=\"og:locale\" content=\"es_ES\" \/>\n<meta property=\"og:type\" content=\"article\" \/>\n<meta property=\"og:title\" content=\"Rejillas de ventilaci\u00f3n resistentes al fuego GR2 Ei-120 - TEI\" \/>\n<meta property=\"og:description\" content=\"Las rejillas intumescentes reaccionan a una temperatura superior a los 100oC. Al alcanzar esa temperatura, las rejillas se rompen r\u00e1pidamente (generalmente en menos de 3 minutos, dependiendo de su exposici\u00f3n al calor). Consisten en fundas termopl\u00e1sticas llenas de bandas intumescentes. Las rejillas permiten la ventilaci\u00f3n a trav\u00e9s de puertas, paredes y tabiques resistentes al fuego.  F\u00e1cil de instalar. Para instalaci\u00f3n s\u00f3lo en interiores.  Instalaci\u00f3n : Las rejillas se sellan con yeso o silicona, si el hueco disponible es inferior a 5 mm. Nuestros cortafuegos EI se prueban de acuerdo con las normas europeas EN1366- 3:2009, EN1364-1:2015 en FprEN1364- 5:2017\" \/>\n<meta property=\"og:url\" content=\"https:\/\/tei.lu\/es\/producto\/rejillas-de-ventilacion-resistentes-al-fuego-gr2-ei-120\/\" \/>\n<meta property=\"og:site_name\" content=\"TEI\" \/>\n<meta property=\"og:image\" content=\"https:\/\/tei.lu\/wp-content\/uploads\/2020\/04\/grille-Ei-60.jpg\" \/>\n\t<meta property=\"og:image:width\" content=\"500\" \/>\n\t<meta property=\"og:image:height\" content=\"500\" \/>\n\t<meta property=\"og:image:type\" content=\"image\/jpeg\" \/>\n<meta name=\"twitter:card\" content=\"summary_large_image\" \/>\n<script type=\"application\/ld+json\" class=\"yoast-schema-graph\">{\"@context\":\"https:\\\/\\\/schema.org\",\"@graph\":[{\"@type\":\"WebPage\",\"@id\":\"https:\\\/\\\/tei.lu\\\/es\\\/producto\\\/rejillas-de-ventilacion-resistentes-al-fuego-gr2-ei-120\\\/\",\"url\":\"https:\\\/\\\/tei.lu\\\/es\\\/producto\\\/rejillas-de-ventilacion-resistentes-al-fuego-gr2-ei-120\\\/\",\"name\":\"Rejillas de ventilaci\u00f3n resistentes al fuego GR2 Ei-120 - TEI\",\"isPartOf\":{\"@id\":\"https:\\\/\\\/tei.lu\\\/es\\\/#website\"},\"primaryImageOfPage\":{\"@id\":\"https:\\\/\\\/tei.lu\\\/es\\\/producto\\\/rejillas-de-ventilacion-resistentes-al-fuego-gr2-ei-120\\\/#primaryimage\"},\"image\":{\"@id\":\"https:\\\/\\\/tei.lu\\\/es\\\/producto\\\/rejillas-de-ventilacion-resistentes-al-fuego-gr2-ei-120\\\/#primaryimage\"},\"thumbnailUrl\":\"https:\\\/\\\/tei.lu\\\/wp-content\\\/uploads\\\/2020\\\/04\\\/grille-Ei-60.jpg\",\"datePublished\":\"2020-04-27T15:17:42+00:00\",\"breadcrumb\":{\"@id\":\"https:\\\/\\\/tei.lu\\\/es\\\/producto\\\/rejillas-de-ventilacion-resistentes-al-fuego-gr2-ei-120\\\/#breadcrumb\"},\"inLanguage\":\"es\",\"potentialAction\":[{\"@type\":\"ReadAction\",\"target\":[\"https:\\\/\\\/tei.lu\\\/es\\\/producto\\\/rejillas-de-ventilacion-resistentes-al-fuego-gr2-ei-120\\\/\"]}]},{\"@type\":\"ImageObject\",\"inLanguage\":\"es\",\"@id\":\"https:\\\/\\\/tei.lu\\\/es\\\/producto\\\/rejillas-de-ventilacion-resistentes-al-fuego-gr2-ei-120\\\/#primaryimage\",\"url\":\"https:\\\/\\\/tei.lu\\\/wp-content\\\/uploads\\\/2020\\\/04\\\/grille-Ei-60.jpg\",\"contentUrl\":\"https:\\\/\\\/tei.lu\\\/wp-content\\\/uploads\\\/2020\\\/04\\\/grille-Ei-60.jpg\",\"width\":500,\"height\":500},{\"@type\":\"BreadcrumbList\",\"@id\":\"https:\\\/\\\/tei.lu\\\/es\\\/producto\\\/rejillas-de-ventilacion-resistentes-al-fuego-gr2-ei-120\\\/#breadcrumb\",\"itemListElement\":[{\"@type\":\"ListItem\",\"position\":1,\"name\":\"Accueil\",\"item\":\"https:\\\/\\\/tei.lu\\\/es\\\/\"},{\"@type\":\"ListItem\",\"position\":2,\"name\":\"Comercio\",\"item\":\"https:\\\/\\\/tei.lu\\\/es\\\/comercio\\\/\"},{\"@type\":\"ListItem\",\"position\":3,\"name\":\"Rejillas de ventilaci\u00f3n resistentes al fuego GR2 Ei-120\"}]},{\"@type\":\"WebSite\",\"@id\":\"https:\\\/\\\/tei.lu\\\/es\\\/#website\",\"url\":\"https:\\\/\\\/tei.lu\\\/es\\\/\",\"name\":\"TEI\",\"description\":\"Passive Fire Protection\",\"publisher\":{\"@id\":\"https:\\\/\\\/tei.lu\\\/es\\\/#organization\"},\"potentialAction\":[{\"@type\":\"SearchAction\",\"target\":{\"@type\":\"EntryPoint\",\"urlTemplate\":\"https:\\\/\\\/tei.lu\\\/es\\\/?s={search_term_string}\"},\"query-input\":{\"@type\":\"PropertyValueSpecification\",\"valueRequired\":true,\"valueName\":\"search_term_string\"}}],\"inLanguage\":\"es\"},{\"@type\":\"Organization\",\"@id\":\"https:\\\/\\\/tei.lu\\\/es\\\/#organization\",\"name\":\"TEI\",\"url\":\"https:\\\/\\\/tei.lu\\\/es\\\/\",\"logo\":{\"@type\":\"ImageObject\",\"inLanguage\":\"es\",\"@id\":\"https:\\\/\\\/tei.lu\\\/es\\\/#\\\/schema\\\/logo\\\/image\\\/\",\"url\":\"https:\\\/\\\/tei.lu\\\/wp-content\\\/uploads\\\/2023\\\/04\\\/logo-tei-bleu.png\",\"contentUrl\":\"https:\\\/\\\/tei.lu\\\/wp-content\\\/uploads\\\/2023\\\/04\\\/logo-tei-bleu.png\",\"width\":801,\"height\":529,\"caption\":\"TEI\"},\"image\":{\"@id\":\"https:\\\/\\\/tei.lu\\\/es\\\/#\\\/schema\\\/logo\\\/image\\\/\"}}]}<\/script>\n<!-- \/ Yoast SEO plugin. -->","yoast_head_json":{"title":"Rejillas de ventilaci\u00f3n resistentes al fuego GR2 Ei-120 - TEI","robots":{"index":"index","follow":"follow","max-snippet":"max-snippet:-1","max-image-preview":"max-image-preview:large","max-video-preview":"max-video-preview:-1"},"canonical":"https:\/\/tei.lu\/es\/producto\/rejillas-de-ventilacion-resistentes-al-fuego-gr2-ei-120\/","og_locale":"es_ES","og_type":"article","og_title":"Rejillas de ventilaci\u00f3n resistentes al fuego GR2 Ei-120 - TEI","og_description":"Las rejillas intumescentes reaccionan a una temperatura superior a los 100oC. Al alcanzar esa temperatura, las rejillas se rompen r\u00e1pidamente (generalmente en menos de 3 minutos, dependiendo de su exposici\u00f3n al calor). Consisten en fundas termopl\u00e1sticas llenas de bandas intumescentes. Las rejillas permiten la ventilaci\u00f3n a trav\u00e9s de puertas, paredes y tabiques resistentes al fuego.  F\u00e1cil de instalar. Para instalaci\u00f3n s\u00f3lo en interiores.  Instalaci\u00f3n : Las rejillas se sellan con yeso o silicona, si el hueco disponible es inferior a 5 mm. Nuestros cortafuegos EI se prueban de acuerdo con las normas europeas EN1366- 3:2009, EN1364-1:2015 en FprEN1364- 5:2017","og_url":"https:\/\/tei.lu\/es\/producto\/rejillas-de-ventilacion-resistentes-al-fuego-gr2-ei-120\/","og_site_name":"TEI","og_image":[{"width":500,"height":500,"url":"https:\/\/tei.lu\/wp-content\/uploads\/2020\/04\/grille-Ei-60.jpg","type":"image\/jpeg"}],"twitter_card":"summary_large_image","schema":{"@context":"https:\/\/schema.org","@graph":[{"@type":"WebPage","@id":"https:\/\/tei.lu\/es\/producto\/rejillas-de-ventilacion-resistentes-al-fuego-gr2-ei-120\/","url":"https:\/\/tei.lu\/es\/producto\/rejillas-de-ventilacion-resistentes-al-fuego-gr2-ei-120\/","name":"Rejillas de ventilaci\u00f3n resistentes al fuego GR2 Ei-120 - TEI","isPartOf":{"@id":"https:\/\/tei.lu\/es\/#website"},"primaryImageOfPage":{"@id":"https:\/\/tei.lu\/es\/producto\/rejillas-de-ventilacion-resistentes-al-fuego-gr2-ei-120\/#primaryimage"},"image":{"@id":"https:\/\/tei.lu\/es\/producto\/rejillas-de-ventilacion-resistentes-al-fuego-gr2-ei-120\/#primaryimage"},"thumbnailUrl":"https:\/\/tei.lu\/wp-content\/uploads\/2020\/04\/grille-Ei-60.jpg","datePublished":"2020-04-27T15:17:42+00:00","breadcrumb":{"@id":"https:\/\/tei.lu\/es\/producto\/rejillas-de-ventilacion-resistentes-al-fuego-gr2-ei-120\/#breadcrumb"},"inLanguage":"es","potentialAction":[{"@type":"ReadAction","target":["https:\/\/tei.lu\/es\/producto\/rejillas-de-ventilacion-resistentes-al-fuego-gr2-ei-120\/"]}]},{"@type":"ImageObject","inLanguage":"es","@id":"https:\/\/tei.lu\/es\/producto\/rejillas-de-ventilacion-resistentes-al-fuego-gr2-ei-120\/#primaryimage","url":"https:\/\/tei.lu\/wp-content\/uploads\/2020\/04\/grille-Ei-60.jpg","contentUrl":"https:\/\/tei.lu\/wp-content\/uploads\/2020\/04\/grille-Ei-60.jpg","width":500,"height":500},{"@type":"BreadcrumbList","@id":"https:\/\/tei.lu\/es\/producto\/rejillas-de-ventilacion-resistentes-al-fuego-gr2-ei-120\/#breadcrumb","itemListElement":[{"@type":"ListItem","position":1,"name":"Accueil","item":"https:\/\/tei.lu\/es\/"},{"@type":"ListItem","position":2,"name":"Comercio","item":"https:\/\/tei.lu\/es\/comercio\/"},{"@type":"ListItem","position":3,"name":"Rejillas de ventilaci\u00f3n resistentes al fuego GR2 Ei-120"}]},{"@type":"WebSite","@id":"https:\/\/tei.lu\/es\/#website","url":"https:\/\/tei.lu\/es\/","name":"TEI","description":"Passive Fire Protection","publisher":{"@id":"https:\/\/tei.lu\/es\/#organization"},"potentialAction":[{"@type":"SearchAction","target":{"@type":"EntryPoint","urlTemplate":"https:\/\/tei.lu\/es\/?s={search_term_string}"},"query-input":{"@type":"PropertyValueSpecification","valueRequired":true,"valueName":"search_term_string"}}],"inLanguage":"es"},{"@type":"Organization","@id":"https:\/\/tei.lu\/es\/#organization","name":"TEI","url":"https:\/\/tei.lu\/es\/","logo":{"@type":"ImageObject","inLanguage":"es","@id":"https:\/\/tei.lu\/es\/#\/schema\/logo\/image\/","url":"https:\/\/tei.lu\/wp-content\/uploads\/2023\/04\/logo-tei-bleu.png","contentUrl":"https:\/\/tei.lu\/wp-content\/uploads\/2023\/04\/logo-tei-bleu.png","width":801,"height":529,"caption":"TEI"},"image":{"@id":"https:\/\/tei.lu\/es\/#\/schema\/logo\/image\/"}}]}},"_links":{"self":[{"href":"https:\/\/tei.lu\/es\/wp-json\/wp\/v2\/product\/16132","targetHints":{"allow":["GET"]}}],"collection":[{"href":"https:\/\/tei.lu\/es\/wp-json\/wp\/v2\/product"}],"about":[{"href":"https:\/\/tei.lu\/es\/wp-json\/wp\/v2\/types\/product"}],"wp:featuredmedia":[{"embeddable":true,"href":"https:\/\/tei.lu\/es\/wp-json\/wp\/v2\/media\/7926"}],"wp:attachment":[{"href":"https:\/\/tei.lu\/es\/wp-json\/wp\/v2\/media?parent=16132"}],"wp:term":[{"taxonomy":"product_brand","embeddable":true,"href":"https:\/\/tei.lu\/es\/wp-json\/wp\/v2\/product_brand?post=16132"},{"taxonomy":"product_cat","embeddable":true,"href":"https:\/\/tei.lu\/es\/wp-json\/wp\/v2\/product_cat?post=16132"},{"taxonomy":"product_tag","embeddable":true,"href":"https:\/\/tei.lu\/es\/wp-json\/wp\/v2\/product_tag?post=16132"}],"curies":[{"name":"wp","href":"https:\/\/api.w.org\/{rel}","templated":true}]}}