{"id":15367,"date":"2022-03-05T10:21:39","date_gmt":"2022-03-05T09:21:39","guid":{"rendered":"https:\/\/tei.lu\/product\/astroflame-pc-mangas\/"},"modified":"2022-03-05T10:21:39","modified_gmt":"2022-03-05T09:21:39","slug":"astroflame-pc-mangas","status":"publish","type":"product","link":"https:\/\/tei.lu\/es\/producto\/astroflame-pc-mangas\/","title":{"rendered":"ASTROFLAME PC mangas"},"content":{"rendered":"","protected":false},"excerpt":{"rendered":"<p>Astro PC mangas est\u00e1 dise\u00f1ado para mantener la resistencia al fuego de paredes y pisos resistentes al fuego cuando se rompen con tuber\u00edas de pl\u00e1stico continuas. El Astroflame collar se puede utilizar en yeso, mamposter\u00eda y paredes de hormig\u00f3n y en suelos de hormig\u00f3n.<\/p>\n<ul>\n<li>Marcado CE<\/li>\n<li>Para tuber\u00edas \u00d8 32 hasta \u00d8 315 con una amplia gama de espesores de tuber\u00eda.<\/li>\n<li>Los tubos muy peque\u00f1os se pueden colocar en manguitos m\u00e1s grandes con la ventaja de unir tubos que est\u00e1n montados en \u00e1ngulo o si la abertura alrededor del tubo es demasiado grande.<\/li>\n<li>Clasificaci\u00f3n de incendios de hasta 240 min tanto para integridad como para aislamiento.<\/li>\n<li>Certificado para tuber\u00edas de PVC-U-, PVC-C-, PE-, LDPE- MDPE-, HDPE-, ABS-, SAN + PVC- y PP.<\/li>\n<li>Probado y certificado para la colocaci\u00f3n final U\/U.<\/li>\n<li>Excelente aislamiento ac\u00fastico.<\/li>\n<li>Sin emisiones: ecol\u00f3gico y f\u00e1cil de usar.<\/li>\n<li>Tiempo de almacenamiento ilimitado (en condiciones correctas).<\/li>\n<li>30 a\u00f1os de garant\u00eda.<\/li>\n<\/ul>\n","protected":false},"featured_media":16658,"template":"","meta":{"_acf_changed":false},"product_brand":[],"product_cat":[103],"product_tag":[],"class_list":{"0":"post-15367","1":"product","2":"type-product","3":"status-publish","4":"has-post-thumbnail","6":"product_cat-pc-mangas","8":"first","9":"instock","10":"taxable","11":"shipping-taxable","12":"purchasable","13":"product-type-variable"},"acf":[],"yoast_head":"<!-- This site is optimized with the Yoast SEO plugin v27.3 - https:\/\/yoast.com\/product\/yoast-seo-wordpress\/ -->\n<title>ASTROFLAME PC mangas - TEI<\/title>\n<meta name=\"description\" content=\"Astro PC mangas est\u00e1 dise\u00f1ado para mantener la resistencia al fuego de paredes y pisos resistentes al fuego cuando se rompen con tuber\u00edas de pl\u00e1stico continuas\" \/>\n<meta name=\"robots\" content=\"index, follow, max-snippet:-1, max-image-preview:large, max-video-preview:-1\" \/>\n<link rel=\"canonical\" href=\"https:\/\/tei.lu\/es\/producto\/astroflame-pc-mangas\/\" \/>\n<meta property=\"og:locale\" content=\"es_ES\" \/>\n<meta property=\"og:type\" content=\"article\" \/>\n<meta property=\"og:title\" content=\"ASTROFLAME PC mangas - TEI\" \/>\n<meta property=\"og:description\" content=\"Astro PC mangas est\u00e1 dise\u00f1ado para mantener la resistencia al fuego de paredes y pisos resistentes al fuego cuando se rompen con tuber\u00edas de pl\u00e1stico continuas\" \/>\n<meta property=\"og:url\" content=\"https:\/\/tei.lu\/es\/producto\/astroflame-pc-mangas\/\" \/>\n<meta property=\"og:site_name\" content=\"TEI\" \/>\n<meta property=\"og:image\" content=\"https:\/\/tei.lu\/wp-content\/uploads\/2022\/03\/MTAF-1.jpg\" \/>\n\t<meta property=\"og:image:width\" content=\"613\" \/>\n\t<meta property=\"og:image:height\" content=\"645\" \/>\n\t<meta property=\"og:image:type\" content=\"image\/jpeg\" \/>\n<meta name=\"twitter:card\" content=\"summary_large_image\" \/>\n<script type=\"application\/ld+json\" class=\"yoast-schema-graph\">{\"@context\":\"https:\\\/\\\/schema.org\",\"@graph\":[{\"@type\":\"WebPage\",\"@id\":\"https:\\\/\\\/tei.lu\\\/es\\\/producto\\\/astroflame-pc-mangas\\\/\",\"url\":\"https:\\\/\\\/tei.lu\\\/es\\\/producto\\\/astroflame-pc-mangas\\\/\",\"name\":\"ASTROFLAME PC mangas - TEI\",\"isPartOf\":{\"@id\":\"https:\\\/\\\/tei.lu\\\/es\\\/#website\"},\"primaryImageOfPage\":{\"@id\":\"https:\\\/\\\/tei.lu\\\/es\\\/producto\\\/astroflame-pc-mangas\\\/#primaryimage\"},\"image\":{\"@id\":\"https:\\\/\\\/tei.lu\\\/es\\\/producto\\\/astroflame-pc-mangas\\\/#primaryimage\"},\"thumbnailUrl\":\"https:\\\/\\\/tei.lu\\\/wp-content\\\/uploads\\\/2022\\\/03\\\/MTAF-1.jpg\",\"datePublished\":\"2022-03-05T09:21:39+00:00\",\"description\":\"Astro PC mangas est\u00e1 dise\u00f1ado para mantener la resistencia al fuego de paredes y pisos resistentes al fuego cuando se rompen con tuber\u00edas de pl\u00e1stico continuas\",\"breadcrumb\":{\"@id\":\"https:\\\/\\\/tei.lu\\\/es\\\/producto\\\/astroflame-pc-mangas\\\/#breadcrumb\"},\"inLanguage\":\"es\",\"potentialAction\":[{\"@type\":\"ReadAction\",\"target\":[\"https:\\\/\\\/tei.lu\\\/es\\\/producto\\\/astroflame-pc-mangas\\\/\"]}]},{\"@type\":\"ImageObject\",\"inLanguage\":\"es\",\"@id\":\"https:\\\/\\\/tei.lu\\\/es\\\/producto\\\/astroflame-pc-mangas\\\/#primaryimage\",\"url\":\"https:\\\/\\\/tei.lu\\\/wp-content\\\/uploads\\\/2022\\\/03\\\/MTAF-1.jpg\",\"contentUrl\":\"https:\\\/\\\/tei.lu\\\/wp-content\\\/uploads\\\/2022\\\/03\\\/MTAF-1.jpg\",\"width\":613,\"height\":645},{\"@type\":\"BreadcrumbList\",\"@id\":\"https:\\\/\\\/tei.lu\\\/es\\\/producto\\\/astroflame-pc-mangas\\\/#breadcrumb\",\"itemListElement\":[{\"@type\":\"ListItem\",\"position\":1,\"name\":\"Accueil\",\"item\":\"https:\\\/\\\/tei.lu\\\/es\\\/\"},{\"@type\":\"ListItem\",\"position\":2,\"name\":\"Comercio\",\"item\":\"https:\\\/\\\/tei.lu\\\/es\\\/comercio\\\/\"},{\"@type\":\"ListItem\",\"position\":3,\"name\":\"ASTROFLAME PC mangas\"}]},{\"@type\":\"WebSite\",\"@id\":\"https:\\\/\\\/tei.lu\\\/es\\\/#website\",\"url\":\"https:\\\/\\\/tei.lu\\\/es\\\/\",\"name\":\"TEI\",\"description\":\"Passive Fire Protection\",\"publisher\":{\"@id\":\"https:\\\/\\\/tei.lu\\\/es\\\/#organization\"},\"potentialAction\":[{\"@type\":\"SearchAction\",\"target\":{\"@type\":\"EntryPoint\",\"urlTemplate\":\"https:\\\/\\\/tei.lu\\\/es\\\/?s={search_term_string}\"},\"query-input\":{\"@type\":\"PropertyValueSpecification\",\"valueRequired\":true,\"valueName\":\"search_term_string\"}}],\"inLanguage\":\"es\"},{\"@type\":\"Organization\",\"@id\":\"https:\\\/\\\/tei.lu\\\/es\\\/#organization\",\"name\":\"TEI\",\"url\":\"https:\\\/\\\/tei.lu\\\/es\\\/\",\"logo\":{\"@type\":\"ImageObject\",\"inLanguage\":\"es\",\"@id\":\"https:\\\/\\\/tei.lu\\\/es\\\/#\\\/schema\\\/logo\\\/image\\\/\",\"url\":\"https:\\\/\\\/tei.lu\\\/wp-content\\\/uploads\\\/2023\\\/04\\\/logo-tei-bleu.png\",\"contentUrl\":\"https:\\\/\\\/tei.lu\\\/wp-content\\\/uploads\\\/2023\\\/04\\\/logo-tei-bleu.png\",\"width\":801,\"height\":529,\"caption\":\"TEI\"},\"image\":{\"@id\":\"https:\\\/\\\/tei.lu\\\/es\\\/#\\\/schema\\\/logo\\\/image\\\/\"}}]}<\/script>\n<!-- \/ Yoast SEO plugin. -->","yoast_head_json":{"title":"ASTROFLAME PC mangas - TEI","description":"Astro PC mangas est\u00e1 dise\u00f1ado para mantener la resistencia al fuego de paredes y pisos resistentes al fuego cuando se rompen con tuber\u00edas de pl\u00e1stico continuas","robots":{"index":"index","follow":"follow","max-snippet":"max-snippet:-1","max-image-preview":"max-image-preview:large","max-video-preview":"max-video-preview:-1"},"canonical":"https:\/\/tei.lu\/es\/producto\/astroflame-pc-mangas\/","og_locale":"es_ES","og_type":"article","og_title":"ASTROFLAME PC mangas - TEI","og_description":"Astro PC mangas est\u00e1 dise\u00f1ado para mantener la resistencia al fuego de paredes y pisos resistentes al fuego cuando se rompen con tuber\u00edas de pl\u00e1stico continuas","og_url":"https:\/\/tei.lu\/es\/producto\/astroflame-pc-mangas\/","og_site_name":"TEI","og_image":[{"width":613,"height":645,"url":"https:\/\/tei.lu\/wp-content\/uploads\/2022\/03\/MTAF-1.jpg","type":"image\/jpeg"}],"twitter_card":"summary_large_image","schema":{"@context":"https:\/\/schema.org","@graph":[{"@type":"WebPage","@id":"https:\/\/tei.lu\/es\/producto\/astroflame-pc-mangas\/","url":"https:\/\/tei.lu\/es\/producto\/astroflame-pc-mangas\/","name":"ASTROFLAME PC mangas - TEI","isPartOf":{"@id":"https:\/\/tei.lu\/es\/#website"},"primaryImageOfPage":{"@id":"https:\/\/tei.lu\/es\/producto\/astroflame-pc-mangas\/#primaryimage"},"image":{"@id":"https:\/\/tei.lu\/es\/producto\/astroflame-pc-mangas\/#primaryimage"},"thumbnailUrl":"https:\/\/tei.lu\/wp-content\/uploads\/2022\/03\/MTAF-1.jpg","datePublished":"2022-03-05T09:21:39+00:00","description":"Astro PC mangas est\u00e1 dise\u00f1ado para mantener la resistencia al fuego de paredes y pisos resistentes al fuego cuando se rompen con tuber\u00edas de pl\u00e1stico continuas","breadcrumb":{"@id":"https:\/\/tei.lu\/es\/producto\/astroflame-pc-mangas\/#breadcrumb"},"inLanguage":"es","potentialAction":[{"@type":"ReadAction","target":["https:\/\/tei.lu\/es\/producto\/astroflame-pc-mangas\/"]}]},{"@type":"ImageObject","inLanguage":"es","@id":"https:\/\/tei.lu\/es\/producto\/astroflame-pc-mangas\/#primaryimage","url":"https:\/\/tei.lu\/wp-content\/uploads\/2022\/03\/MTAF-1.jpg","contentUrl":"https:\/\/tei.lu\/wp-content\/uploads\/2022\/03\/MTAF-1.jpg","width":613,"height":645},{"@type":"BreadcrumbList","@id":"https:\/\/tei.lu\/es\/producto\/astroflame-pc-mangas\/#breadcrumb","itemListElement":[{"@type":"ListItem","position":1,"name":"Accueil","item":"https:\/\/tei.lu\/es\/"},{"@type":"ListItem","position":2,"name":"Comercio","item":"https:\/\/tei.lu\/es\/comercio\/"},{"@type":"ListItem","position":3,"name":"ASTROFLAME PC mangas"}]},{"@type":"WebSite","@id":"https:\/\/tei.lu\/es\/#website","url":"https:\/\/tei.lu\/es\/","name":"TEI","description":"Passive Fire Protection","publisher":{"@id":"https:\/\/tei.lu\/es\/#organization"},"potentialAction":[{"@type":"SearchAction","target":{"@type":"EntryPoint","urlTemplate":"https:\/\/tei.lu\/es\/?s={search_term_string}"},"query-input":{"@type":"PropertyValueSpecification","valueRequired":true,"valueName":"search_term_string"}}],"inLanguage":"es"},{"@type":"Organization","@id":"https:\/\/tei.lu\/es\/#organization","name":"TEI","url":"https:\/\/tei.lu\/es\/","logo":{"@type":"ImageObject","inLanguage":"es","@id":"https:\/\/tei.lu\/es\/#\/schema\/logo\/image\/","url":"https:\/\/tei.lu\/wp-content\/uploads\/2023\/04\/logo-tei-bleu.png","contentUrl":"https:\/\/tei.lu\/wp-content\/uploads\/2023\/04\/logo-tei-bleu.png","width":801,"height":529,"caption":"TEI"},"image":{"@id":"https:\/\/tei.lu\/es\/#\/schema\/logo\/image\/"}}]}},"_links":{"self":[{"href":"https:\/\/tei.lu\/es\/wp-json\/wp\/v2\/product\/15367","targetHints":{"allow":["GET"]}}],"collection":[{"href":"https:\/\/tei.lu\/es\/wp-json\/wp\/v2\/product"}],"about":[{"href":"https:\/\/tei.lu\/es\/wp-json\/wp\/v2\/types\/product"}],"wp:featuredmedia":[{"embeddable":true,"href":"https:\/\/tei.lu\/es\/wp-json\/wp\/v2\/media\/16658"}],"wp:attachment":[{"href":"https:\/\/tei.lu\/es\/wp-json\/wp\/v2\/media?parent=15367"}],"wp:term":[{"taxonomy":"product_brand","embeddable":true,"href":"https:\/\/tei.lu\/es\/wp-json\/wp\/v2\/product_brand?post=15367"},{"taxonomy":"product_cat","embeddable":true,"href":"https:\/\/tei.lu\/es\/wp-json\/wp\/v2\/product_cat?post=15367"},{"taxonomy":"product_tag","embeddable":true,"href":"https:\/\/tei.lu\/es\/wp-json\/wp\/v2\/product_tag?post=15367"}],"curies":[{"name":"wp","href":"https:\/\/api.w.org\/{rel}","templated":true}]}}