{"id":15275,"date":"2022-03-07T17:53:59","date_gmt":"2022-03-07T16:53:59","guid":{"rendered":"https:\/\/tei.lu\/product\/collar-de-fuego-universal\/"},"modified":"2022-03-07T17:53:59","modified_gmt":"2022-03-07T16:53:59","slug":"collar-de-fuego-universal","status":"publish","type":"product","link":"https:\/\/tei.lu\/es\/producto\/collar-de-fuego-universal\/","title":{"rendered":"Collar de fuego universal"},"content":{"rendered":"","protected":false},"excerpt":{"rendered":"<p>multicollar slim es un collar de fuego universal con una altura de 30 mm que consta de una banda de acero inoxidable de 174 eslabones y un inserto de alta calidad sobre una base de grafito. Los enlaces se pueden separar f\u00e1cilmente para crear el di\u00e1metro de tubo deseado. En caso de incendio, Multicollarflaco forma una espuma que se hincha para crear un sello ign\u00edfugo hacia las habitaciones adyacentes.<\/p>\n<p><strong>Ventajas<\/strong><\/p>\n<ul>\n<li>Certificaci\u00f3n CE<\/li>\n<li>F\u00e1cil de instalar<\/li>\n<li>Un producto para todas las aplicaciones<\/li>\n<li>Una especie de fijaci\u00f3n para todas las construcciones.<\/li>\n<li>F\u00e1cil aplicaci\u00f3n dada la altura de 30 mm.<\/li>\n<li>Tambi\u00e9n probado para aplicaciones no est\u00e1ndar<\/li>\n<li>Insensible a la humedad, resistente al moho y las bacterias<\/li>\n<\/ul>\n","protected":false},"featured_media":8716,"template":"","meta":{"_acf_changed":false},"product_brand":[],"product_cat":[103],"product_tag":[],"class_list":{"0":"post-15275","1":"product","2":"type-product","3":"status-publish","4":"has-post-thumbnail","6":"product_cat-pc-mangas","8":"first","9":"instock","10":"taxable","11":"shipping-taxable","12":"purchasable","13":"product-type-simple"},"acf":[],"yoast_head":"<!-- This site is optimized with the Yoast SEO plugin v27.3 - https:\/\/yoast.com\/product\/yoast-seo-wordpress\/ -->\n<title>Collar de fuego universal - TEI<\/title>\n<meta name=\"description\" content=\"multicollar slim es un collar de fuego universal con una altura de 30 mm que consta de una banda de acero inoxidable de 174 eslabones y un inserto de alta calidad sobre una base de grafito\" \/>\n<meta name=\"robots\" content=\"index, follow, max-snippet:-1, max-image-preview:large, max-video-preview:-1\" \/>\n<link rel=\"canonical\" href=\"https:\/\/tei.lu\/es\/producto\/collar-de-fuego-universal\/\" \/>\n<meta property=\"og:locale\" content=\"es_ES\" \/>\n<meta property=\"og:type\" content=\"article\" \/>\n<meta property=\"og:title\" content=\"Collar de fuego universal - TEI\" \/>\n<meta property=\"og:description\" content=\"multicollar slim es un collar de fuego universal con una altura de 30 mm que consta de una banda de acero inoxidable de 174 eslabones y un inserto de alta calidad sobre una base de grafito\" \/>\n<meta property=\"og:url\" content=\"https:\/\/tei.lu\/es\/producto\/collar-de-fuego-universal\/\" \/>\n<meta property=\"og:site_name\" content=\"TEI\" \/>\n<meta property=\"og:image\" content=\"https:\/\/tei.lu\/wp-content\/uploads\/2022\/03\/Unicollard-Promastop-UCE.jpg\" \/>\n\t<meta property=\"og:image:width\" content=\"500\" \/>\n\t<meta property=\"og:image:height\" content=\"500\" \/>\n\t<meta property=\"og:image:type\" content=\"image\/jpeg\" \/>\n<meta name=\"twitter:card\" content=\"summary_large_image\" \/>\n<script type=\"application\/ld+json\" class=\"yoast-schema-graph\">{\"@context\":\"https:\\\/\\\/schema.org\",\"@graph\":[{\"@type\":\"WebPage\",\"@id\":\"https:\\\/\\\/tei.lu\\\/es\\\/producto\\\/collar-de-fuego-universal\\\/\",\"url\":\"https:\\\/\\\/tei.lu\\\/es\\\/producto\\\/collar-de-fuego-universal\\\/\",\"name\":\"Collar de fuego universal - TEI\",\"isPartOf\":{\"@id\":\"https:\\\/\\\/tei.lu\\\/es\\\/#website\"},\"primaryImageOfPage\":{\"@id\":\"https:\\\/\\\/tei.lu\\\/es\\\/producto\\\/collar-de-fuego-universal\\\/#primaryimage\"},\"image\":{\"@id\":\"https:\\\/\\\/tei.lu\\\/es\\\/producto\\\/collar-de-fuego-universal\\\/#primaryimage\"},\"thumbnailUrl\":\"https:\\\/\\\/tei.lu\\\/wp-content\\\/uploads\\\/2022\\\/03\\\/Unicollard-Promastop-UCE.jpg\",\"datePublished\":\"2022-03-07T16:53:59+00:00\",\"description\":\"multicollar slim es un collar de fuego universal con una altura de 30 mm que consta de una banda de acero inoxidable de 174 eslabones y un inserto de alta calidad sobre una base de grafito\",\"breadcrumb\":{\"@id\":\"https:\\\/\\\/tei.lu\\\/es\\\/producto\\\/collar-de-fuego-universal\\\/#breadcrumb\"},\"inLanguage\":\"es\",\"potentialAction\":[{\"@type\":\"ReadAction\",\"target\":[\"https:\\\/\\\/tei.lu\\\/es\\\/producto\\\/collar-de-fuego-universal\\\/\"]}]},{\"@type\":\"ImageObject\",\"inLanguage\":\"es\",\"@id\":\"https:\\\/\\\/tei.lu\\\/es\\\/producto\\\/collar-de-fuego-universal\\\/#primaryimage\",\"url\":\"https:\\\/\\\/tei.lu\\\/wp-content\\\/uploads\\\/2022\\\/03\\\/Unicollard-Promastop-UCE.jpg\",\"contentUrl\":\"https:\\\/\\\/tei.lu\\\/wp-content\\\/uploads\\\/2022\\\/03\\\/Unicollard-Promastop-UCE.jpg\",\"width\":500,\"height\":500},{\"@type\":\"BreadcrumbList\",\"@id\":\"https:\\\/\\\/tei.lu\\\/es\\\/producto\\\/collar-de-fuego-universal\\\/#breadcrumb\",\"itemListElement\":[{\"@type\":\"ListItem\",\"position\":1,\"name\":\"Accueil\",\"item\":\"https:\\\/\\\/tei.lu\\\/es\\\/\"},{\"@type\":\"ListItem\",\"position\":2,\"name\":\"Comercio\",\"item\":\"https:\\\/\\\/tei.lu\\\/es\\\/comercio\\\/\"},{\"@type\":\"ListItem\",\"position\":3,\"name\":\"Collar de fuego universal\"}]},{\"@type\":\"WebSite\",\"@id\":\"https:\\\/\\\/tei.lu\\\/es\\\/#website\",\"url\":\"https:\\\/\\\/tei.lu\\\/es\\\/\",\"name\":\"TEI\",\"description\":\"Passive Fire Protection\",\"publisher\":{\"@id\":\"https:\\\/\\\/tei.lu\\\/es\\\/#organization\"},\"potentialAction\":[{\"@type\":\"SearchAction\",\"target\":{\"@type\":\"EntryPoint\",\"urlTemplate\":\"https:\\\/\\\/tei.lu\\\/es\\\/?s={search_term_string}\"},\"query-input\":{\"@type\":\"PropertyValueSpecification\",\"valueRequired\":true,\"valueName\":\"search_term_string\"}}],\"inLanguage\":\"es\"},{\"@type\":\"Organization\",\"@id\":\"https:\\\/\\\/tei.lu\\\/es\\\/#organization\",\"name\":\"TEI\",\"url\":\"https:\\\/\\\/tei.lu\\\/es\\\/\",\"logo\":{\"@type\":\"ImageObject\",\"inLanguage\":\"es\",\"@id\":\"https:\\\/\\\/tei.lu\\\/es\\\/#\\\/schema\\\/logo\\\/image\\\/\",\"url\":\"https:\\\/\\\/tei.lu\\\/wp-content\\\/uploads\\\/2023\\\/04\\\/logo-tei-bleu.png\",\"contentUrl\":\"https:\\\/\\\/tei.lu\\\/wp-content\\\/uploads\\\/2023\\\/04\\\/logo-tei-bleu.png\",\"width\":801,\"height\":529,\"caption\":\"TEI\"},\"image\":{\"@id\":\"https:\\\/\\\/tei.lu\\\/es\\\/#\\\/schema\\\/logo\\\/image\\\/\"}}]}<\/script>\n<!-- \/ Yoast SEO plugin. -->","yoast_head_json":{"title":"Collar de fuego universal - TEI","description":"multicollar slim es un collar de fuego universal con una altura de 30 mm que consta de una banda de acero inoxidable de 174 eslabones y un inserto de alta calidad sobre una base de grafito","robots":{"index":"index","follow":"follow","max-snippet":"max-snippet:-1","max-image-preview":"max-image-preview:large","max-video-preview":"max-video-preview:-1"},"canonical":"https:\/\/tei.lu\/es\/producto\/collar-de-fuego-universal\/","og_locale":"es_ES","og_type":"article","og_title":"Collar de fuego universal - TEI","og_description":"multicollar slim es un collar de fuego universal con una altura de 30 mm que consta de una banda de acero inoxidable de 174 eslabones y un inserto de alta calidad sobre una base de grafito","og_url":"https:\/\/tei.lu\/es\/producto\/collar-de-fuego-universal\/","og_site_name":"TEI","og_image":[{"width":500,"height":500,"url":"https:\/\/tei.lu\/wp-content\/uploads\/2022\/03\/Unicollard-Promastop-UCE.jpg","type":"image\/jpeg"}],"twitter_card":"summary_large_image","schema":{"@context":"https:\/\/schema.org","@graph":[{"@type":"WebPage","@id":"https:\/\/tei.lu\/es\/producto\/collar-de-fuego-universal\/","url":"https:\/\/tei.lu\/es\/producto\/collar-de-fuego-universal\/","name":"Collar de fuego universal - TEI","isPartOf":{"@id":"https:\/\/tei.lu\/es\/#website"},"primaryImageOfPage":{"@id":"https:\/\/tei.lu\/es\/producto\/collar-de-fuego-universal\/#primaryimage"},"image":{"@id":"https:\/\/tei.lu\/es\/producto\/collar-de-fuego-universal\/#primaryimage"},"thumbnailUrl":"https:\/\/tei.lu\/wp-content\/uploads\/2022\/03\/Unicollard-Promastop-UCE.jpg","datePublished":"2022-03-07T16:53:59+00:00","description":"multicollar slim es un collar de fuego universal con una altura de 30 mm que consta de una banda de acero inoxidable de 174 eslabones y un inserto de alta calidad sobre una base de grafito","breadcrumb":{"@id":"https:\/\/tei.lu\/es\/producto\/collar-de-fuego-universal\/#breadcrumb"},"inLanguage":"es","potentialAction":[{"@type":"ReadAction","target":["https:\/\/tei.lu\/es\/producto\/collar-de-fuego-universal\/"]}]},{"@type":"ImageObject","inLanguage":"es","@id":"https:\/\/tei.lu\/es\/producto\/collar-de-fuego-universal\/#primaryimage","url":"https:\/\/tei.lu\/wp-content\/uploads\/2022\/03\/Unicollard-Promastop-UCE.jpg","contentUrl":"https:\/\/tei.lu\/wp-content\/uploads\/2022\/03\/Unicollard-Promastop-UCE.jpg","width":500,"height":500},{"@type":"BreadcrumbList","@id":"https:\/\/tei.lu\/es\/producto\/collar-de-fuego-universal\/#breadcrumb","itemListElement":[{"@type":"ListItem","position":1,"name":"Accueil","item":"https:\/\/tei.lu\/es\/"},{"@type":"ListItem","position":2,"name":"Comercio","item":"https:\/\/tei.lu\/es\/comercio\/"},{"@type":"ListItem","position":3,"name":"Collar de fuego universal"}]},{"@type":"WebSite","@id":"https:\/\/tei.lu\/es\/#website","url":"https:\/\/tei.lu\/es\/","name":"TEI","description":"Passive Fire Protection","publisher":{"@id":"https:\/\/tei.lu\/es\/#organization"},"potentialAction":[{"@type":"SearchAction","target":{"@type":"EntryPoint","urlTemplate":"https:\/\/tei.lu\/es\/?s={search_term_string}"},"query-input":{"@type":"PropertyValueSpecification","valueRequired":true,"valueName":"search_term_string"}}],"inLanguage":"es"},{"@type":"Organization","@id":"https:\/\/tei.lu\/es\/#organization","name":"TEI","url":"https:\/\/tei.lu\/es\/","logo":{"@type":"ImageObject","inLanguage":"es","@id":"https:\/\/tei.lu\/es\/#\/schema\/logo\/image\/","url":"https:\/\/tei.lu\/wp-content\/uploads\/2023\/04\/logo-tei-bleu.png","contentUrl":"https:\/\/tei.lu\/wp-content\/uploads\/2023\/04\/logo-tei-bleu.png","width":801,"height":529,"caption":"TEI"},"image":{"@id":"https:\/\/tei.lu\/es\/#\/schema\/logo\/image\/"}}]}},"_links":{"self":[{"href":"https:\/\/tei.lu\/es\/wp-json\/wp\/v2\/product\/15275","targetHints":{"allow":["GET"]}}],"collection":[{"href":"https:\/\/tei.lu\/es\/wp-json\/wp\/v2\/product"}],"about":[{"href":"https:\/\/tei.lu\/es\/wp-json\/wp\/v2\/types\/product"}],"wp:featuredmedia":[{"embeddable":true,"href":"https:\/\/tei.lu\/es\/wp-json\/wp\/v2\/media\/8716"}],"wp:attachment":[{"href":"https:\/\/tei.lu\/es\/wp-json\/wp\/v2\/media?parent=15275"}],"wp:term":[{"taxonomy":"product_brand","embeddable":true,"href":"https:\/\/tei.lu\/es\/wp-json\/wp\/v2\/product_brand?post=15275"},{"taxonomy":"product_cat","embeddable":true,"href":"https:\/\/tei.lu\/es\/wp-json\/wp\/v2\/product_cat?post=15275"},{"taxonomy":"product_tag","embeddable":true,"href":"https:\/\/tei.lu\/es\/wp-json\/wp\/v2\/product_tag?post=15275"}],"curies":[{"name":"wp","href":"https:\/\/api.w.org\/{rel}","templated":true}]}}