{"id":13313,"date":"2023-06-27T16:37:08","date_gmt":"2023-06-27T14:37:29","guid":{"rendered":"http:\/\/tei.lu\/?post_type=product&#038;p=13313"},"modified":"2023-06-27T16:49:40","modified_gmt":"2023-06-27T14:49:40","slug":"mangas-ei-cortafuego-mt1","status":"publish","type":"product","link":"https:\/\/tei.lu\/es\/producto\/mangas-ei-cortafuego-mt1\/","title":{"rendered":"Mangas Ei cortafuego &#8211; MT1"},"content":{"rendered":"","protected":false},"excerpt":{"rendered":"<p>Los manguitos cortafuegos se aplican donde las tuber\u00edas sint\u00e9ticas pasan a trav\u00e9s de pisos, paredes y\/o tabiques cortafuegos. Durante un incendio, el producto intumescente colocado dentro de la funda se hincha y cierra completamente la tuber\u00eda. Se evitar\u00e1 as\u00ed la propagaci\u00f3n de humo y fuego en las zonas aleda\u00f1as a la compartimentaci\u00f3n de incendios.<br \/>\nEl manguito cierra completamente los tubos sint\u00e9ticos. Los manguitos MT1 debe colocarse empotrado. La instalaci\u00f3n es muy f\u00e1cil y r\u00e1pida, incluso en lugares con poco espacio.<br \/>\nLos manguitos T-Ei se ensayan en muro de hormig\u00f3n celular, tabique ligero y tabique de lana de roca seg\u00fan las normas europeas actualmente en vigor 1366-3, ETAG 026-4:2008, EN1364-1\/2015 EN FPRen1364-5:2017<\/p>\n","protected":false},"featured_media":13357,"template":"","meta":{"_acf_changed":false},"product_brand":[],"product_cat":[103],"product_tag":[],"class_list":{"0":"post-13313","1":"product","2":"type-product","3":"status-publish","4":"has-post-thumbnail","6":"product_cat-pc-mangas","8":"first","9":"instock","10":"taxable","11":"shipping-taxable","12":"purchasable","13":"product-type-variable"},"acf":[],"yoast_head":"<!-- This site is optimized with the Yoast SEO plugin v27.3 - https:\/\/yoast.com\/product\/yoast-seo-wordpress\/ -->\n<title>Mangas Ei cortafuego - MT1 - TEI<\/title>\n<meta name=\"robots\" content=\"index, follow, max-snippet:-1, max-image-preview:large, max-video-preview:-1\" \/>\n<link rel=\"canonical\" href=\"https:\/\/tei.lu\/es\/producto\/mangas-ei-cortafuego-mt1\/\" \/>\n<meta property=\"og:locale\" content=\"es_ES\" \/>\n<meta property=\"og:type\" content=\"article\" \/>\n<meta property=\"og:title\" content=\"Mangas Ei cortafuego - MT1 - TEI\" \/>\n<meta property=\"og:description\" content=\"Los manguitos cortafuegos se aplican donde las tuber\u00edas sint\u00e9ticas pasan a trav\u00e9s de pisos, paredes y\/o tabiques cortafuegos. Durante un incendio, el producto intumescente colocado dentro de la funda se hincha y cierra completamente la tuber\u00eda. Se evitar\u00e1 as\u00ed la propagaci\u00f3n de humo y fuego en las zonas aleda\u00f1as a la compartimentaci\u00f3n de incendios. El manguito cierra completamente los tubos sint\u00e9ticos. Los manguitos MT1 debe colocarse empotrado. La instalaci\u00f3n es muy f\u00e1cil y r\u00e1pida, incluso en lugares con poco espacio. Los manguitos T-Ei se ensayan en muro de hormig\u00f3n celular, tabique ligero y tabique de lana de roca seg\u00fan las normas europeas actualmente en vigor 1366-3, ETAG 026-4:2008, EN1364-1\/2015 EN FPRen1364-5:2017\" \/>\n<meta property=\"og:url\" content=\"https:\/\/tei.lu\/es\/producto\/mangas-ei-cortafuego-mt1\/\" \/>\n<meta property=\"og:site_name\" content=\"TEI\" \/>\n<meta property=\"article:modified_time\" content=\"2023-06-27T14:49:40+00:00\" \/>\n<meta property=\"og:image\" content=\"https:\/\/tei.lu\/wp-content\/uploads\/2023\/06\/manchette-EI-MT1-01.jpg\" \/>\n\t<meta property=\"og:image:width\" content=\"500\" \/>\n\t<meta property=\"og:image:height\" content=\"500\" \/>\n\t<meta property=\"og:image:type\" content=\"image\/jpeg\" \/>\n<meta name=\"twitter:card\" content=\"summary_large_image\" \/>\n<script type=\"application\/ld+json\" class=\"yoast-schema-graph\">{\"@context\":\"https:\\\/\\\/schema.org\",\"@graph\":[{\"@type\":\"WebPage\",\"@id\":\"https:\\\/\\\/tei.lu\\\/es\\\/producto\\\/mangas-ei-cortafuego-mt1\\\/\",\"url\":\"https:\\\/\\\/tei.lu\\\/es\\\/producto\\\/mangas-ei-cortafuego-mt1\\\/\",\"name\":\"Mangas Ei cortafuego - MT1 - TEI\",\"isPartOf\":{\"@id\":\"https:\\\/\\\/tei.lu\\\/es\\\/#website\"},\"primaryImageOfPage\":{\"@id\":\"https:\\\/\\\/tei.lu\\\/es\\\/producto\\\/mangas-ei-cortafuego-mt1\\\/#primaryimage\"},\"image\":{\"@id\":\"https:\\\/\\\/tei.lu\\\/es\\\/producto\\\/mangas-ei-cortafuego-mt1\\\/#primaryimage\"},\"thumbnailUrl\":\"https:\\\/\\\/tei.lu\\\/wp-content\\\/uploads\\\/2023\\\/06\\\/manchette-EI-MT1-01.jpg\",\"datePublished\":\"2023-06-27T14:37:29+00:00\",\"dateModified\":\"2023-06-27T14:49:40+00:00\",\"breadcrumb\":{\"@id\":\"https:\\\/\\\/tei.lu\\\/es\\\/producto\\\/mangas-ei-cortafuego-mt1\\\/#breadcrumb\"},\"inLanguage\":\"es\",\"potentialAction\":[{\"@type\":\"ReadAction\",\"target\":[\"https:\\\/\\\/tei.lu\\\/es\\\/producto\\\/mangas-ei-cortafuego-mt1\\\/\"]}]},{\"@type\":\"ImageObject\",\"inLanguage\":\"es\",\"@id\":\"https:\\\/\\\/tei.lu\\\/es\\\/producto\\\/mangas-ei-cortafuego-mt1\\\/#primaryimage\",\"url\":\"https:\\\/\\\/tei.lu\\\/wp-content\\\/uploads\\\/2023\\\/06\\\/manchette-EI-MT1-01.jpg\",\"contentUrl\":\"https:\\\/\\\/tei.lu\\\/wp-content\\\/uploads\\\/2023\\\/06\\\/manchette-EI-MT1-01.jpg\",\"width\":500,\"height\":500},{\"@type\":\"BreadcrumbList\",\"@id\":\"https:\\\/\\\/tei.lu\\\/es\\\/producto\\\/mangas-ei-cortafuego-mt1\\\/#breadcrumb\",\"itemListElement\":[{\"@type\":\"ListItem\",\"position\":1,\"name\":\"Accueil\",\"item\":\"https:\\\/\\\/tei.lu\\\/es\\\/\"},{\"@type\":\"ListItem\",\"position\":2,\"name\":\"Comercio\",\"item\":\"https:\\\/\\\/tei.lu\\\/es\\\/comercio\\\/\"},{\"@type\":\"ListItem\",\"position\":3,\"name\":\"Mangas Ei cortafuego &#8211; MT1\"}]},{\"@type\":\"WebSite\",\"@id\":\"https:\\\/\\\/tei.lu\\\/es\\\/#website\",\"url\":\"https:\\\/\\\/tei.lu\\\/es\\\/\",\"name\":\"TEI\",\"description\":\"Passive Fire Protection\",\"publisher\":{\"@id\":\"https:\\\/\\\/tei.lu\\\/es\\\/#organization\"},\"potentialAction\":[{\"@type\":\"SearchAction\",\"target\":{\"@type\":\"EntryPoint\",\"urlTemplate\":\"https:\\\/\\\/tei.lu\\\/es\\\/?s={search_term_string}\"},\"query-input\":{\"@type\":\"PropertyValueSpecification\",\"valueRequired\":true,\"valueName\":\"search_term_string\"}}],\"inLanguage\":\"es\"},{\"@type\":\"Organization\",\"@id\":\"https:\\\/\\\/tei.lu\\\/es\\\/#organization\",\"name\":\"TEI\",\"url\":\"https:\\\/\\\/tei.lu\\\/es\\\/\",\"logo\":{\"@type\":\"ImageObject\",\"inLanguage\":\"es\",\"@id\":\"https:\\\/\\\/tei.lu\\\/es\\\/#\\\/schema\\\/logo\\\/image\\\/\",\"url\":\"https:\\\/\\\/tei.lu\\\/wp-content\\\/uploads\\\/2023\\\/04\\\/logo-tei-bleu.png\",\"contentUrl\":\"https:\\\/\\\/tei.lu\\\/wp-content\\\/uploads\\\/2023\\\/04\\\/logo-tei-bleu.png\",\"width\":801,\"height\":529,\"caption\":\"TEI\"},\"image\":{\"@id\":\"https:\\\/\\\/tei.lu\\\/es\\\/#\\\/schema\\\/logo\\\/image\\\/\"}}]}<\/script>\n<!-- \/ Yoast SEO plugin. -->","yoast_head_json":{"title":"Mangas Ei cortafuego - MT1 - TEI","robots":{"index":"index","follow":"follow","max-snippet":"max-snippet:-1","max-image-preview":"max-image-preview:large","max-video-preview":"max-video-preview:-1"},"canonical":"https:\/\/tei.lu\/es\/producto\/mangas-ei-cortafuego-mt1\/","og_locale":"es_ES","og_type":"article","og_title":"Mangas Ei cortafuego - MT1 - TEI","og_description":"Los manguitos cortafuegos se aplican donde las tuber\u00edas sint\u00e9ticas pasan a trav\u00e9s de pisos, paredes y\/o tabiques cortafuegos. Durante un incendio, el producto intumescente colocado dentro de la funda se hincha y cierra completamente la tuber\u00eda. Se evitar\u00e1 as\u00ed la propagaci\u00f3n de humo y fuego en las zonas aleda\u00f1as a la compartimentaci\u00f3n de incendios. El manguito cierra completamente los tubos sint\u00e9ticos. Los manguitos MT1 debe colocarse empotrado. La instalaci\u00f3n es muy f\u00e1cil y r\u00e1pida, incluso en lugares con poco espacio. Los manguitos T-Ei se ensayan en muro de hormig\u00f3n celular, tabique ligero y tabique de lana de roca seg\u00fan las normas europeas actualmente en vigor 1366-3, ETAG 026-4:2008, EN1364-1\/2015 EN FPRen1364-5:2017","og_url":"https:\/\/tei.lu\/es\/producto\/mangas-ei-cortafuego-mt1\/","og_site_name":"TEI","article_modified_time":"2023-06-27T14:49:40+00:00","og_image":[{"width":500,"height":500,"url":"https:\/\/tei.lu\/wp-content\/uploads\/2023\/06\/manchette-EI-MT1-01.jpg","type":"image\/jpeg"}],"twitter_card":"summary_large_image","schema":{"@context":"https:\/\/schema.org","@graph":[{"@type":"WebPage","@id":"https:\/\/tei.lu\/es\/producto\/mangas-ei-cortafuego-mt1\/","url":"https:\/\/tei.lu\/es\/producto\/mangas-ei-cortafuego-mt1\/","name":"Mangas Ei cortafuego - MT1 - TEI","isPartOf":{"@id":"https:\/\/tei.lu\/es\/#website"},"primaryImageOfPage":{"@id":"https:\/\/tei.lu\/es\/producto\/mangas-ei-cortafuego-mt1\/#primaryimage"},"image":{"@id":"https:\/\/tei.lu\/es\/producto\/mangas-ei-cortafuego-mt1\/#primaryimage"},"thumbnailUrl":"https:\/\/tei.lu\/wp-content\/uploads\/2023\/06\/manchette-EI-MT1-01.jpg","datePublished":"2023-06-27T14:37:29+00:00","dateModified":"2023-06-27T14:49:40+00:00","breadcrumb":{"@id":"https:\/\/tei.lu\/es\/producto\/mangas-ei-cortafuego-mt1\/#breadcrumb"},"inLanguage":"es","potentialAction":[{"@type":"ReadAction","target":["https:\/\/tei.lu\/es\/producto\/mangas-ei-cortafuego-mt1\/"]}]},{"@type":"ImageObject","inLanguage":"es","@id":"https:\/\/tei.lu\/es\/producto\/mangas-ei-cortafuego-mt1\/#primaryimage","url":"https:\/\/tei.lu\/wp-content\/uploads\/2023\/06\/manchette-EI-MT1-01.jpg","contentUrl":"https:\/\/tei.lu\/wp-content\/uploads\/2023\/06\/manchette-EI-MT1-01.jpg","width":500,"height":500},{"@type":"BreadcrumbList","@id":"https:\/\/tei.lu\/es\/producto\/mangas-ei-cortafuego-mt1\/#breadcrumb","itemListElement":[{"@type":"ListItem","position":1,"name":"Accueil","item":"https:\/\/tei.lu\/es\/"},{"@type":"ListItem","position":2,"name":"Comercio","item":"https:\/\/tei.lu\/es\/comercio\/"},{"@type":"ListItem","position":3,"name":"Mangas Ei cortafuego &#8211; MT1"}]},{"@type":"WebSite","@id":"https:\/\/tei.lu\/es\/#website","url":"https:\/\/tei.lu\/es\/","name":"TEI","description":"Passive Fire Protection","publisher":{"@id":"https:\/\/tei.lu\/es\/#organization"},"potentialAction":[{"@type":"SearchAction","target":{"@type":"EntryPoint","urlTemplate":"https:\/\/tei.lu\/es\/?s={search_term_string}"},"query-input":{"@type":"PropertyValueSpecification","valueRequired":true,"valueName":"search_term_string"}}],"inLanguage":"es"},{"@type":"Organization","@id":"https:\/\/tei.lu\/es\/#organization","name":"TEI","url":"https:\/\/tei.lu\/es\/","logo":{"@type":"ImageObject","inLanguage":"es","@id":"https:\/\/tei.lu\/es\/#\/schema\/logo\/image\/","url":"https:\/\/tei.lu\/wp-content\/uploads\/2023\/04\/logo-tei-bleu.png","contentUrl":"https:\/\/tei.lu\/wp-content\/uploads\/2023\/04\/logo-tei-bleu.png","width":801,"height":529,"caption":"TEI"},"image":{"@id":"https:\/\/tei.lu\/es\/#\/schema\/logo\/image\/"}}]}},"_links":{"self":[{"href":"https:\/\/tei.lu\/es\/wp-json\/wp\/v2\/product\/13313","targetHints":{"allow":["GET"]}}],"collection":[{"href":"https:\/\/tei.lu\/es\/wp-json\/wp\/v2\/product"}],"about":[{"href":"https:\/\/tei.lu\/es\/wp-json\/wp\/v2\/types\/product"}],"wp:featuredmedia":[{"embeddable":true,"href":"https:\/\/tei.lu\/es\/wp-json\/wp\/v2\/media\/13357"}],"wp:attachment":[{"href":"https:\/\/tei.lu\/es\/wp-json\/wp\/v2\/media?parent=13313"}],"wp:term":[{"taxonomy":"product_brand","embeddable":true,"href":"https:\/\/tei.lu\/es\/wp-json\/wp\/v2\/product_brand?post=13313"},{"taxonomy":"product_cat","embeddable":true,"href":"https:\/\/tei.lu\/es\/wp-json\/wp\/v2\/product_cat?post=13313"},{"taxonomy":"product_tag","embeddable":true,"href":"https:\/\/tei.lu\/es\/wp-json\/wp\/v2\/product_tag?post=13313"}],"curies":[{"name":"wp","href":"https:\/\/api.w.org\/{rel}","templated":true}]}}