{"id":15687,"date":"2020-04-27T17:20:21","date_gmt":"2020-04-27T15:20:21","guid":{"rendered":"https:\/\/tei.lu\/product\/runde-feuergitter-ei-60-120\/"},"modified":"2020-04-27T17:20:21","modified_gmt":"2020-04-27T15:20:21","slug":"runde-feuergitter-ei-60-120","status":"publish","type":"product","link":"https:\/\/tei.lu\/de\/produkt\/runde-feuergitter-ei-60-120\/","title":{"rendered":"Runde Feuergitter Ei 60&#8242; &#038; 120&#8242;"},"content":{"rendered":"","protected":false},"excerpt":{"rendered":"<p><strong>Eigenschaften<\/strong><\/p>\n<p>Runde Feuergitter Ei 60&#8242; &#038; 120&#8242; reagieren bei niedrigen Temperaturen (ab 100oC). Die Gitter schlossen schnell (in der Regel innerhalb von 3 Minuten je nach W\u00e4rmeeinwirkung). Sie bestehen aus thermoplastischen H\u00fcllen, die mit intumeszierenden B\u00e4ndern gef\u00fcllt sind. Die Gitter erm\u00f6glichen die Bel\u00fcftung durch feuerfeste T\u00fcren, W\u00e4nde und Trennw\u00e4nde.<\/p>\n<ul>\n<li>Einfache Installation.<\/li>\n<li>Nur f\u00fcr den Innenbereich<\/li>\n<\/ul>\n<p>Die Gitter werden einfach in den Putz- oder Silikonw\u00e4nden versiegelt, wenn die verf\u00fcgbare Reserve weniger als 5 mm betr\u00e4gt.<\/p>\n<p>Die Feuerfeste Gitter werden nach den europ\u00e4ischen Normen EN1366-3 :2009, EN1364-1 :2015 en FprEN1364-5:2017 getestet.<\/p>\n","protected":false},"featured_media":8625,"template":"","meta":{"_acf_changed":false},"product_brand":[],"product_cat":[95],"product_tag":[],"class_list":{"0":"post-15687","1":"product","2":"type-product","3":"status-publish","4":"has-post-thumbnail","6":"product_cat-feuerfeste-gitter","8":"first","9":"onbackorder","10":"taxable","11":"shipping-taxable","12":"purchasable","13":"product-type-variable","14":"has-default-attributes"},"acf":[],"yoast_head":"<!-- This site is optimized with the Yoast SEO plugin v27.3 - https:\/\/yoast.com\/product\/yoast-seo-wordpress\/ -->\n<title>Runde Feuergitter Ei 60&#039; &amp; 120&#039; - TEI<\/title>\n<meta name=\"robots\" content=\"index, follow, max-snippet:-1, max-image-preview:large, max-video-preview:-1\" \/>\n<link rel=\"canonical\" href=\"https:\/\/tei.lu\/de\/produkt\/runde-feuergitter-ei-60-120\/\" \/>\n<meta property=\"og:locale\" content=\"de_DE\" \/>\n<meta property=\"og:type\" content=\"article\" \/>\n<meta property=\"og:title\" content=\"Runde Feuergitter Ei 60&#039; &amp; 120&#039; - TEI\" \/>\n<meta property=\"og:description\" content=\"Eigenschaften  Runde Feuergitter Ei 60&#039; &amp; 120&#039; reagieren bei niedrigen Temperaturen (ab 100oC). Die Gitter schlossen schnell (in der Regel innerhalb von 3 Minuten je nach W\u00e4rmeeinwirkung). Sie bestehen aus thermoplastischen H\u00fcllen, die mit intumeszierenden B\u00e4ndern gef\u00fcllt sind. Die Gitter erm\u00f6glichen die Bel\u00fcftung durch feuerfeste T\u00fcren, W\u00e4nde und Trennw\u00e4nde.   Einfache Installation. Nur f\u00fcr den Innenbereich   Die Gitter werden einfach in den Putz- oder Silikonw\u00e4nden versiegelt, wenn die verf\u00fcgbare Reserve weniger als 5 mm betr\u00e4gt.  Die Feuerfeste Gitter werden nach den europ\u00e4ischen Normen EN1366-3 :2009, EN1364-1 :2015 en FprEN1364-5:2017 getestet.\" \/>\n<meta property=\"og:url\" content=\"https:\/\/tei.lu\/de\/produkt\/runde-feuergitter-ei-60-120\/\" \/>\n<meta property=\"og:site_name\" content=\"TEI\" \/>\n<meta property=\"og:image\" content=\"https:\/\/tei.lu\/wp-content\/uploads\/2022\/02\/GRD1-2.jpg\" \/>\n\t<meta property=\"og:image:width\" content=\"1944\" \/>\n\t<meta property=\"og:image:height\" content=\"1296\" \/>\n\t<meta property=\"og:image:type\" content=\"image\/jpeg\" \/>\n<meta name=\"twitter:card\" content=\"summary_large_image\" \/>\n<script type=\"application\/ld+json\" class=\"yoast-schema-graph\">{\"@context\":\"https:\\\/\\\/schema.org\",\"@graph\":[{\"@type\":\"WebPage\",\"@id\":\"https:\\\/\\\/tei.lu\\\/de\\\/produkt\\\/runde-feuergitter-ei-60-120\\\/\",\"url\":\"https:\\\/\\\/tei.lu\\\/de\\\/produkt\\\/runde-feuergitter-ei-60-120\\\/\",\"name\":\"Runde Feuergitter Ei 60' & 120' - TEI\",\"isPartOf\":{\"@id\":\"https:\\\/\\\/tei.lu\\\/de\\\/#website\"},\"primaryImageOfPage\":{\"@id\":\"https:\\\/\\\/tei.lu\\\/de\\\/produkt\\\/runde-feuergitter-ei-60-120\\\/#primaryimage\"},\"image\":{\"@id\":\"https:\\\/\\\/tei.lu\\\/de\\\/produkt\\\/runde-feuergitter-ei-60-120\\\/#primaryimage\"},\"thumbnailUrl\":\"https:\\\/\\\/tei.lu\\\/wp-content\\\/uploads\\\/2022\\\/02\\\/GRD1-2.jpg\",\"datePublished\":\"2020-04-27T15:20:21+00:00\",\"breadcrumb\":{\"@id\":\"https:\\\/\\\/tei.lu\\\/de\\\/produkt\\\/runde-feuergitter-ei-60-120\\\/#breadcrumb\"},\"inLanguage\":\"de\",\"potentialAction\":[{\"@type\":\"ReadAction\",\"target\":[\"https:\\\/\\\/tei.lu\\\/de\\\/produkt\\\/runde-feuergitter-ei-60-120\\\/\"]}]},{\"@type\":\"ImageObject\",\"inLanguage\":\"de\",\"@id\":\"https:\\\/\\\/tei.lu\\\/de\\\/produkt\\\/runde-feuergitter-ei-60-120\\\/#primaryimage\",\"url\":\"https:\\\/\\\/tei.lu\\\/wp-content\\\/uploads\\\/2022\\\/02\\\/GRD1-2.jpg\",\"contentUrl\":\"https:\\\/\\\/tei.lu\\\/wp-content\\\/uploads\\\/2022\\\/02\\\/GRD1-2.jpg\",\"width\":1944,\"height\":1296},{\"@type\":\"BreadcrumbList\",\"@id\":\"https:\\\/\\\/tei.lu\\\/de\\\/produkt\\\/runde-feuergitter-ei-60-120\\\/#breadcrumb\",\"itemListElement\":[{\"@type\":\"ListItem\",\"position\":1,\"name\":\"Accueil\",\"item\":\"https:\\\/\\\/tei.lu\\\/de\\\/\"},{\"@type\":\"ListItem\",\"position\":2,\"name\":\"Shop\",\"item\":\"https:\\\/\\\/tei.lu\\\/de\\\/shop\\\/\"},{\"@type\":\"ListItem\",\"position\":3,\"name\":\"Runde Feuergitter Ei 60&prime; &#038; 120&prime;\"}]},{\"@type\":\"WebSite\",\"@id\":\"https:\\\/\\\/tei.lu\\\/de\\\/#website\",\"url\":\"https:\\\/\\\/tei.lu\\\/de\\\/\",\"name\":\"TEI\",\"description\":\"Passive Fire Protection\",\"publisher\":{\"@id\":\"https:\\\/\\\/tei.lu\\\/de\\\/#organization\"},\"potentialAction\":[{\"@type\":\"SearchAction\",\"target\":{\"@type\":\"EntryPoint\",\"urlTemplate\":\"https:\\\/\\\/tei.lu\\\/de\\\/?s={search_term_string}\"},\"query-input\":{\"@type\":\"PropertyValueSpecification\",\"valueRequired\":true,\"valueName\":\"search_term_string\"}}],\"inLanguage\":\"de\"},{\"@type\":\"Organization\",\"@id\":\"https:\\\/\\\/tei.lu\\\/de\\\/#organization\",\"name\":\"TEI\",\"url\":\"https:\\\/\\\/tei.lu\\\/de\\\/\",\"logo\":{\"@type\":\"ImageObject\",\"inLanguage\":\"de\",\"@id\":\"https:\\\/\\\/tei.lu\\\/de\\\/#\\\/schema\\\/logo\\\/image\\\/\",\"url\":\"https:\\\/\\\/tei.lu\\\/wp-content\\\/uploads\\\/2023\\\/04\\\/logo-tei-bleu.png\",\"contentUrl\":\"https:\\\/\\\/tei.lu\\\/wp-content\\\/uploads\\\/2023\\\/04\\\/logo-tei-bleu.png\",\"width\":801,\"height\":529,\"caption\":\"TEI\"},\"image\":{\"@id\":\"https:\\\/\\\/tei.lu\\\/de\\\/#\\\/schema\\\/logo\\\/image\\\/\"}}]}<\/script>\n<!-- \/ Yoast SEO plugin. -->","yoast_head_json":{"title":"Runde Feuergitter Ei 60' & 120' - TEI","robots":{"index":"index","follow":"follow","max-snippet":"max-snippet:-1","max-image-preview":"max-image-preview:large","max-video-preview":"max-video-preview:-1"},"canonical":"https:\/\/tei.lu\/de\/produkt\/runde-feuergitter-ei-60-120\/","og_locale":"de_DE","og_type":"article","og_title":"Runde Feuergitter Ei 60' & 120' - TEI","og_description":"Eigenschaften  Runde Feuergitter Ei 60' & 120' reagieren bei niedrigen Temperaturen (ab 100oC). Die Gitter schlossen schnell (in der Regel innerhalb von 3 Minuten je nach W\u00e4rmeeinwirkung). Sie bestehen aus thermoplastischen H\u00fcllen, die mit intumeszierenden B\u00e4ndern gef\u00fcllt sind. Die Gitter erm\u00f6glichen die Bel\u00fcftung durch feuerfeste T\u00fcren, W\u00e4nde und Trennw\u00e4nde.   Einfache Installation. Nur f\u00fcr den Innenbereich   Die Gitter werden einfach in den Putz- oder Silikonw\u00e4nden versiegelt, wenn die verf\u00fcgbare Reserve weniger als 5 mm betr\u00e4gt.  Die Feuerfeste Gitter werden nach den europ\u00e4ischen Normen EN1366-3 :2009, EN1364-1 :2015 en FprEN1364-5:2017 getestet.","og_url":"https:\/\/tei.lu\/de\/produkt\/runde-feuergitter-ei-60-120\/","og_site_name":"TEI","og_image":[{"width":1944,"height":1296,"url":"https:\/\/tei.lu\/wp-content\/uploads\/2022\/02\/GRD1-2.jpg","type":"image\/jpeg"}],"twitter_card":"summary_large_image","schema":{"@context":"https:\/\/schema.org","@graph":[{"@type":"WebPage","@id":"https:\/\/tei.lu\/de\/produkt\/runde-feuergitter-ei-60-120\/","url":"https:\/\/tei.lu\/de\/produkt\/runde-feuergitter-ei-60-120\/","name":"Runde Feuergitter Ei 60' & 120' - TEI","isPartOf":{"@id":"https:\/\/tei.lu\/de\/#website"},"primaryImageOfPage":{"@id":"https:\/\/tei.lu\/de\/produkt\/runde-feuergitter-ei-60-120\/#primaryimage"},"image":{"@id":"https:\/\/tei.lu\/de\/produkt\/runde-feuergitter-ei-60-120\/#primaryimage"},"thumbnailUrl":"https:\/\/tei.lu\/wp-content\/uploads\/2022\/02\/GRD1-2.jpg","datePublished":"2020-04-27T15:20:21+00:00","breadcrumb":{"@id":"https:\/\/tei.lu\/de\/produkt\/runde-feuergitter-ei-60-120\/#breadcrumb"},"inLanguage":"de","potentialAction":[{"@type":"ReadAction","target":["https:\/\/tei.lu\/de\/produkt\/runde-feuergitter-ei-60-120\/"]}]},{"@type":"ImageObject","inLanguage":"de","@id":"https:\/\/tei.lu\/de\/produkt\/runde-feuergitter-ei-60-120\/#primaryimage","url":"https:\/\/tei.lu\/wp-content\/uploads\/2022\/02\/GRD1-2.jpg","contentUrl":"https:\/\/tei.lu\/wp-content\/uploads\/2022\/02\/GRD1-2.jpg","width":1944,"height":1296},{"@type":"BreadcrumbList","@id":"https:\/\/tei.lu\/de\/produkt\/runde-feuergitter-ei-60-120\/#breadcrumb","itemListElement":[{"@type":"ListItem","position":1,"name":"Accueil","item":"https:\/\/tei.lu\/de\/"},{"@type":"ListItem","position":2,"name":"Shop","item":"https:\/\/tei.lu\/de\/shop\/"},{"@type":"ListItem","position":3,"name":"Runde Feuergitter Ei 60&prime; &#038; 120&prime;"}]},{"@type":"WebSite","@id":"https:\/\/tei.lu\/de\/#website","url":"https:\/\/tei.lu\/de\/","name":"TEI","description":"Passive Fire Protection","publisher":{"@id":"https:\/\/tei.lu\/de\/#organization"},"potentialAction":[{"@type":"SearchAction","target":{"@type":"EntryPoint","urlTemplate":"https:\/\/tei.lu\/de\/?s={search_term_string}"},"query-input":{"@type":"PropertyValueSpecification","valueRequired":true,"valueName":"search_term_string"}}],"inLanguage":"de"},{"@type":"Organization","@id":"https:\/\/tei.lu\/de\/#organization","name":"TEI","url":"https:\/\/tei.lu\/de\/","logo":{"@type":"ImageObject","inLanguage":"de","@id":"https:\/\/tei.lu\/de\/#\/schema\/logo\/image\/","url":"https:\/\/tei.lu\/wp-content\/uploads\/2023\/04\/logo-tei-bleu.png","contentUrl":"https:\/\/tei.lu\/wp-content\/uploads\/2023\/04\/logo-tei-bleu.png","width":801,"height":529,"caption":"TEI"},"image":{"@id":"https:\/\/tei.lu\/de\/#\/schema\/logo\/image\/"}}]}},"_links":{"self":[{"href":"https:\/\/tei.lu\/de\/wp-json\/wp\/v2\/product\/15687","targetHints":{"allow":["GET"]}}],"collection":[{"href":"https:\/\/tei.lu\/de\/wp-json\/wp\/v2\/product"}],"about":[{"href":"https:\/\/tei.lu\/de\/wp-json\/wp\/v2\/types\/product"}],"wp:featuredmedia":[{"embeddable":true,"href":"https:\/\/tei.lu\/de\/wp-json\/wp\/v2\/media\/8625"}],"wp:attachment":[{"href":"https:\/\/tei.lu\/de\/wp-json\/wp\/v2\/media?parent=15687"}],"wp:term":[{"taxonomy":"product_brand","embeddable":true,"href":"https:\/\/tei.lu\/de\/wp-json\/wp\/v2\/product_brand?post=15687"},{"taxonomy":"product_cat","embeddable":true,"href":"https:\/\/tei.lu\/de\/wp-json\/wp\/v2\/product_cat?post=15687"},{"taxonomy":"product_tag","embeddable":true,"href":"https:\/\/tei.lu\/de\/wp-json\/wp\/v2\/product_tag?post=15687"}],"curies":[{"name":"wp","href":"https:\/\/api.w.org\/{rel}","templated":true}]}}