{"id":15337,"date":"2022-03-05T10:21:39","date_gmt":"2022-03-05T09:21:39","guid":{"rendered":"https:\/\/tei.lu\/product\/astroflame-pc-feuerschutz-hulsen\/"},"modified":"2022-03-05T10:21:39","modified_gmt":"2022-03-05T09:21:39","slug":"astroflame-pc-feuerschutz-hulsen","status":"publish","type":"product","link":"https:\/\/tei.lu\/de\/produkt\/astroflame-pc-feuerschutz-hulsen\/","title":{"rendered":"ASTROFLAME PC Feuerschutz-H\u00fclsen"},"content":{"rendered":"","protected":false},"excerpt":{"rendered":"<p>Astro PC Feuerschutz-H\u00fclsen wurde entwickelt, um die Feuerbest\u00e4ndigkeit von feuerbest\u00e4ndigen W\u00e4nden und B\u00f6den zu erhalten, wenn sie mit durchgehenden Kunststoffrohren gebrochen werden. Die Astroflame kann in Putz-, Mauerwerks- und Betonw\u00e4nden sowie auf Betonb\u00f6den verwendet werden.<\/p>\n<ul>\n<li>CE-Kennzeichnung<\/li>\n<li>F\u00fcr Rohre von \u00d8 32 bis \u00d8 315 mit unterschiedlichsten Rohrdicken.<\/li>\n<li>Sehr kleine Rohre k\u00f6nnen in gr\u00f6\u00dferen H\u00fclsen platziert werden, mit dem Vorteil, Rohre zu verbinden, die schr\u00e4g montiert sind oder wenn die \u00d6ffnung um das Rohr zu gro\u00df ist.<\/li>\n<li>Brandklassifizierung bis zu 240 min f\u00fcr Integrit\u00e4t und Isolierung.<\/li>\n<li>Zertifiziert f\u00fcr PVC-U-, PVC-C-, PE-, LDPE-MDPE-, HDPE-, ABS-, SAN- + PVC- und PP-Rohre.<\/li>\n<li>Getestet und zertifiziert f\u00fcr die endg\u00fcltige U\/U-Platzierung.<\/li>\n<li>Hervorragende Schalld\u00e4mmung.<\/li>\n<li>Keine Emissionen: umweltfreundlich und einfach zu bedienen.<\/li>\n<li>Unbegrenzte Speicherzeit (unter den richtigen Bedingungen).<\/li>\n<li>30 Jahre Garantie.<\/li>\n<\/ul>\n","protected":false},"featured_media":16657,"template":"","meta":{"_acf_changed":false},"product_brand":[],"product_cat":[102],"product_tag":[],"class_list":{"0":"post-15337","1":"product","2":"type-product","3":"status-publish","4":"has-post-thumbnail","6":"product_cat-feuerschutz-huelsen","8":"first","9":"instock","10":"taxable","11":"shipping-taxable","12":"purchasable","13":"product-type-variable"},"acf":[],"yoast_head":"<!-- This site is optimized with the Yoast SEO plugin v27.3 - https:\/\/yoast.com\/product\/yoast-seo-wordpress\/ -->\n<title>ASTROFLAME PC Feuerschutz-H\u00fclsen - TEI<\/title>\n<meta name=\"description\" content=\"Astro PC Feuerschutz-H\u00fclsen wurde entwickelt, um die Feuerbest\u00e4ndigkeit von feuerbest\u00e4ndigen W\u00e4nden und B\u00f6den zu erhalten, wenn sie mit durchgehenden Kunststoffrohren gebrochen werden\" \/>\n<meta name=\"robots\" content=\"index, follow, max-snippet:-1, max-image-preview:large, max-video-preview:-1\" \/>\n<link rel=\"canonical\" href=\"https:\/\/tei.lu\/de\/produkt\/astroflame-pc-feuerschutz-hulsen\/\" \/>\n<meta property=\"og:locale\" content=\"de_DE\" \/>\n<meta property=\"og:type\" content=\"article\" \/>\n<meta property=\"og:title\" content=\"ASTROFLAME PC Feuerschutz-H\u00fclsen - TEI\" \/>\n<meta property=\"og:description\" content=\"Astro PC Feuerschutz-H\u00fclsen wurde entwickelt, um die Feuerbest\u00e4ndigkeit von feuerbest\u00e4ndigen W\u00e4nden und B\u00f6den zu erhalten, wenn sie mit durchgehenden Kunststoffrohren gebrochen werden\" \/>\n<meta property=\"og:url\" content=\"https:\/\/tei.lu\/de\/produkt\/astroflame-pc-feuerschutz-hulsen\/\" \/>\n<meta property=\"og:site_name\" content=\"TEI\" \/>\n<meta property=\"og:image\" content=\"https:\/\/tei.lu\/wp-content\/uploads\/2022\/03\/MTAF-1.jpg\" \/>\n\t<meta property=\"og:image:width\" content=\"613\" \/>\n\t<meta property=\"og:image:height\" content=\"645\" \/>\n\t<meta property=\"og:image:type\" content=\"image\/jpeg\" \/>\n<meta name=\"twitter:card\" content=\"summary_large_image\" \/>\n<script type=\"application\/ld+json\" class=\"yoast-schema-graph\">{\"@context\":\"https:\\\/\\\/schema.org\",\"@graph\":[{\"@type\":\"WebPage\",\"@id\":\"https:\\\/\\\/tei.lu\\\/de\\\/produkt\\\/astroflame-pc-feuerschutz-hulsen\\\/\",\"url\":\"https:\\\/\\\/tei.lu\\\/de\\\/produkt\\\/astroflame-pc-feuerschutz-hulsen\\\/\",\"name\":\"ASTROFLAME PC Feuerschutz-H\u00fclsen - TEI\",\"isPartOf\":{\"@id\":\"https:\\\/\\\/tei.lu\\\/de\\\/#website\"},\"primaryImageOfPage\":{\"@id\":\"https:\\\/\\\/tei.lu\\\/de\\\/produkt\\\/astroflame-pc-feuerschutz-hulsen\\\/#primaryimage\"},\"image\":{\"@id\":\"https:\\\/\\\/tei.lu\\\/de\\\/produkt\\\/astroflame-pc-feuerschutz-hulsen\\\/#primaryimage\"},\"thumbnailUrl\":\"https:\\\/\\\/tei.lu\\\/wp-content\\\/uploads\\\/2022\\\/03\\\/MTAF-1.jpg\",\"datePublished\":\"2022-03-05T09:21:39+00:00\",\"description\":\"Astro PC Feuerschutz-H\u00fclsen wurde entwickelt, um die Feuerbest\u00e4ndigkeit von feuerbest\u00e4ndigen W\u00e4nden und B\u00f6den zu erhalten, wenn sie mit durchgehenden Kunststoffrohren gebrochen werden\",\"breadcrumb\":{\"@id\":\"https:\\\/\\\/tei.lu\\\/de\\\/produkt\\\/astroflame-pc-feuerschutz-hulsen\\\/#breadcrumb\"},\"inLanguage\":\"de\",\"potentialAction\":[{\"@type\":\"ReadAction\",\"target\":[\"https:\\\/\\\/tei.lu\\\/de\\\/produkt\\\/astroflame-pc-feuerschutz-hulsen\\\/\"]}]},{\"@type\":\"ImageObject\",\"inLanguage\":\"de\",\"@id\":\"https:\\\/\\\/tei.lu\\\/de\\\/produkt\\\/astroflame-pc-feuerschutz-hulsen\\\/#primaryimage\",\"url\":\"https:\\\/\\\/tei.lu\\\/wp-content\\\/uploads\\\/2022\\\/03\\\/MTAF-1.jpg\",\"contentUrl\":\"https:\\\/\\\/tei.lu\\\/wp-content\\\/uploads\\\/2022\\\/03\\\/MTAF-1.jpg\",\"width\":613,\"height\":645},{\"@type\":\"BreadcrumbList\",\"@id\":\"https:\\\/\\\/tei.lu\\\/de\\\/produkt\\\/astroflame-pc-feuerschutz-hulsen\\\/#breadcrumb\",\"itemListElement\":[{\"@type\":\"ListItem\",\"position\":1,\"name\":\"Accueil\",\"item\":\"https:\\\/\\\/tei.lu\\\/de\\\/\"},{\"@type\":\"ListItem\",\"position\":2,\"name\":\"Shop\",\"item\":\"https:\\\/\\\/tei.lu\\\/de\\\/shop\\\/\"},{\"@type\":\"ListItem\",\"position\":3,\"name\":\"ASTROFLAME PC Feuerschutz-H\u00fclsen\"}]},{\"@type\":\"WebSite\",\"@id\":\"https:\\\/\\\/tei.lu\\\/de\\\/#website\",\"url\":\"https:\\\/\\\/tei.lu\\\/de\\\/\",\"name\":\"TEI\",\"description\":\"Passive Fire Protection\",\"publisher\":{\"@id\":\"https:\\\/\\\/tei.lu\\\/de\\\/#organization\"},\"potentialAction\":[{\"@type\":\"SearchAction\",\"target\":{\"@type\":\"EntryPoint\",\"urlTemplate\":\"https:\\\/\\\/tei.lu\\\/de\\\/?s={search_term_string}\"},\"query-input\":{\"@type\":\"PropertyValueSpecification\",\"valueRequired\":true,\"valueName\":\"search_term_string\"}}],\"inLanguage\":\"de\"},{\"@type\":\"Organization\",\"@id\":\"https:\\\/\\\/tei.lu\\\/de\\\/#organization\",\"name\":\"TEI\",\"url\":\"https:\\\/\\\/tei.lu\\\/de\\\/\",\"logo\":{\"@type\":\"ImageObject\",\"inLanguage\":\"de\",\"@id\":\"https:\\\/\\\/tei.lu\\\/de\\\/#\\\/schema\\\/logo\\\/image\\\/\",\"url\":\"https:\\\/\\\/tei.lu\\\/wp-content\\\/uploads\\\/2023\\\/04\\\/logo-tei-bleu.png\",\"contentUrl\":\"https:\\\/\\\/tei.lu\\\/wp-content\\\/uploads\\\/2023\\\/04\\\/logo-tei-bleu.png\",\"width\":801,\"height\":529,\"caption\":\"TEI\"},\"image\":{\"@id\":\"https:\\\/\\\/tei.lu\\\/de\\\/#\\\/schema\\\/logo\\\/image\\\/\"}}]}<\/script>\n<!-- \/ Yoast SEO plugin. -->","yoast_head_json":{"title":"ASTROFLAME PC Feuerschutz-H\u00fclsen - TEI","description":"Astro PC Feuerschutz-H\u00fclsen wurde entwickelt, um die Feuerbest\u00e4ndigkeit von feuerbest\u00e4ndigen W\u00e4nden und B\u00f6den zu erhalten, wenn sie mit durchgehenden Kunststoffrohren gebrochen werden","robots":{"index":"index","follow":"follow","max-snippet":"max-snippet:-1","max-image-preview":"max-image-preview:large","max-video-preview":"max-video-preview:-1"},"canonical":"https:\/\/tei.lu\/de\/produkt\/astroflame-pc-feuerschutz-hulsen\/","og_locale":"de_DE","og_type":"article","og_title":"ASTROFLAME PC Feuerschutz-H\u00fclsen - TEI","og_description":"Astro PC Feuerschutz-H\u00fclsen wurde entwickelt, um die Feuerbest\u00e4ndigkeit von feuerbest\u00e4ndigen W\u00e4nden und B\u00f6den zu erhalten, wenn sie mit durchgehenden Kunststoffrohren gebrochen werden","og_url":"https:\/\/tei.lu\/de\/produkt\/astroflame-pc-feuerschutz-hulsen\/","og_site_name":"TEI","og_image":[{"width":613,"height":645,"url":"https:\/\/tei.lu\/wp-content\/uploads\/2022\/03\/MTAF-1.jpg","type":"image\/jpeg"}],"twitter_card":"summary_large_image","schema":{"@context":"https:\/\/schema.org","@graph":[{"@type":"WebPage","@id":"https:\/\/tei.lu\/de\/produkt\/astroflame-pc-feuerschutz-hulsen\/","url":"https:\/\/tei.lu\/de\/produkt\/astroflame-pc-feuerschutz-hulsen\/","name":"ASTROFLAME PC Feuerschutz-H\u00fclsen - TEI","isPartOf":{"@id":"https:\/\/tei.lu\/de\/#website"},"primaryImageOfPage":{"@id":"https:\/\/tei.lu\/de\/produkt\/astroflame-pc-feuerschutz-hulsen\/#primaryimage"},"image":{"@id":"https:\/\/tei.lu\/de\/produkt\/astroflame-pc-feuerschutz-hulsen\/#primaryimage"},"thumbnailUrl":"https:\/\/tei.lu\/wp-content\/uploads\/2022\/03\/MTAF-1.jpg","datePublished":"2022-03-05T09:21:39+00:00","description":"Astro PC Feuerschutz-H\u00fclsen wurde entwickelt, um die Feuerbest\u00e4ndigkeit von feuerbest\u00e4ndigen W\u00e4nden und B\u00f6den zu erhalten, wenn sie mit durchgehenden Kunststoffrohren gebrochen werden","breadcrumb":{"@id":"https:\/\/tei.lu\/de\/produkt\/astroflame-pc-feuerschutz-hulsen\/#breadcrumb"},"inLanguage":"de","potentialAction":[{"@type":"ReadAction","target":["https:\/\/tei.lu\/de\/produkt\/astroflame-pc-feuerschutz-hulsen\/"]}]},{"@type":"ImageObject","inLanguage":"de","@id":"https:\/\/tei.lu\/de\/produkt\/astroflame-pc-feuerschutz-hulsen\/#primaryimage","url":"https:\/\/tei.lu\/wp-content\/uploads\/2022\/03\/MTAF-1.jpg","contentUrl":"https:\/\/tei.lu\/wp-content\/uploads\/2022\/03\/MTAF-1.jpg","width":613,"height":645},{"@type":"BreadcrumbList","@id":"https:\/\/tei.lu\/de\/produkt\/astroflame-pc-feuerschutz-hulsen\/#breadcrumb","itemListElement":[{"@type":"ListItem","position":1,"name":"Accueil","item":"https:\/\/tei.lu\/de\/"},{"@type":"ListItem","position":2,"name":"Shop","item":"https:\/\/tei.lu\/de\/shop\/"},{"@type":"ListItem","position":3,"name":"ASTROFLAME PC Feuerschutz-H\u00fclsen"}]},{"@type":"WebSite","@id":"https:\/\/tei.lu\/de\/#website","url":"https:\/\/tei.lu\/de\/","name":"TEI","description":"Passive Fire Protection","publisher":{"@id":"https:\/\/tei.lu\/de\/#organization"},"potentialAction":[{"@type":"SearchAction","target":{"@type":"EntryPoint","urlTemplate":"https:\/\/tei.lu\/de\/?s={search_term_string}"},"query-input":{"@type":"PropertyValueSpecification","valueRequired":true,"valueName":"search_term_string"}}],"inLanguage":"de"},{"@type":"Organization","@id":"https:\/\/tei.lu\/de\/#organization","name":"TEI","url":"https:\/\/tei.lu\/de\/","logo":{"@type":"ImageObject","inLanguage":"de","@id":"https:\/\/tei.lu\/de\/#\/schema\/logo\/image\/","url":"https:\/\/tei.lu\/wp-content\/uploads\/2023\/04\/logo-tei-bleu.png","contentUrl":"https:\/\/tei.lu\/wp-content\/uploads\/2023\/04\/logo-tei-bleu.png","width":801,"height":529,"caption":"TEI"},"image":{"@id":"https:\/\/tei.lu\/de\/#\/schema\/logo\/image\/"}}]}},"_links":{"self":[{"href":"https:\/\/tei.lu\/de\/wp-json\/wp\/v2\/product\/15337","targetHints":{"allow":["GET"]}}],"collection":[{"href":"https:\/\/tei.lu\/de\/wp-json\/wp\/v2\/product"}],"about":[{"href":"https:\/\/tei.lu\/de\/wp-json\/wp\/v2\/types\/product"}],"wp:featuredmedia":[{"embeddable":true,"href":"https:\/\/tei.lu\/de\/wp-json\/wp\/v2\/media\/16657"}],"wp:attachment":[{"href":"https:\/\/tei.lu\/de\/wp-json\/wp\/v2\/media?parent=15337"}],"wp:term":[{"taxonomy":"product_brand","embeddable":true,"href":"https:\/\/tei.lu\/de\/wp-json\/wp\/v2\/product_brand?post=15337"},{"taxonomy":"product_cat","embeddable":true,"href":"https:\/\/tei.lu\/de\/wp-json\/wp\/v2\/product_cat?post=15337"},{"taxonomy":"product_tag","embeddable":true,"href":"https:\/\/tei.lu\/de\/wp-json\/wp\/v2\/product_tag?post=15337"}],"curies":[{"name":"wp","href":"https:\/\/api.w.org\/{rel}","templated":true}]}}