{"id":15274,"date":"2022-03-07T17:53:59","date_gmt":"2022-03-07T16:53:59","guid":{"rendered":"https:\/\/tei.lu\/product\/universelles-feuerwehrhalsband\/"},"modified":"2025-09-12T13:24:58","modified_gmt":"2025-09-12T11:24:58","slug":"universelles-feuerwehrhalsband","status":"publish","type":"product","link":"https:\/\/tei.lu\/de\/produkt\/universelles-feuerwehrhalsband\/","title":{"rendered":"Universelles Feuerwehrhalsband"},"content":{"rendered":"","protected":false},"excerpt":{"rendered":"<p>Multicollar Slim ist ein universeller Feuerwehrkragen mit einer H\u00f6he von 30 mm, bestehend aus einem Edelstahlband mit 174 Gliedern und einer hochwertigen Einlage auf Graphitbasis. Die Glieder k\u00f6nnen einfach getrennt werden, um den gew\u00fcnschten Rohrdurchmesser zu erzeugen. Im Brandfall Multicollarschlank bildet einen quellenden Schaum, um einen feuerfesten Abschluss zu den angrenzenden R\u00e4umen zu schaffen.<\/p>\n<p><strong>Vorteile<\/strong><\/p>\n<ul>\n<li>CE-Zertifizierung<\/li>\n<li>Einfach zu installieren<\/li>\n<li>Ein Produkt f\u00fcr alle Anwendungen<\/li>\n<li>Eine Art Befestigung f\u00fcr alle Konstruktionen<\/li>\n<li>Einfache Anwendung bei einer H\u00f6he von 30 mm<\/li>\n<li>Auch f\u00fcr nicht standardm\u00e4\u00dfige Anwendungen getestet<\/li>\n<li>Unempfindlich gegen Feuchtigkeit, resistent gegen Schimmel und Bakterien<\/li>\n<\/ul>\n","protected":false},"featured_media":8715,"template":"","meta":{"_acf_changed":false},"product_brand":[],"product_cat":[102],"product_tag":[],"class_list":{"0":"post-15274","1":"product","2":"type-product","3":"status-publish","4":"has-post-thumbnail","6":"product_cat-feuerschutz-huelsen","8":"first","9":"instock","10":"taxable","11":"shipping-taxable","12":"purchasable","13":"product-type-simple"},"acf":[],"yoast_head":"<!-- This site is optimized with the Yoast SEO plugin v27.3 - https:\/\/yoast.com\/product\/yoast-seo-wordpress\/ -->\n<title>Universelles Feuerwehrhalsband - TEI<\/title>\n<meta name=\"description\" content=\"Multicollar Slim ist ein universeller Feuerwehrkragen mit einer H\u00f6he von 30 mm, bestehend aus einem Edelstahlband mit 174 Gliedern und einer hochwertigen Einlage auf Graphitbasis\" \/>\n<meta name=\"robots\" content=\"index, follow, max-snippet:-1, max-image-preview:large, max-video-preview:-1\" \/>\n<link rel=\"canonical\" href=\"https:\/\/tei.lu\/de\/produkt\/universelles-feuerwehrhalsband\/\" \/>\n<meta property=\"og:locale\" content=\"de_DE\" \/>\n<meta property=\"og:type\" content=\"article\" \/>\n<meta property=\"og:title\" content=\"Universelles Feuerwehrhalsband - TEI\" \/>\n<meta property=\"og:description\" content=\"Multicollar Slim ist ein universeller Feuerwehrkragen mit einer H\u00f6he von 30 mm, bestehend aus einem Edelstahlband mit 174 Gliedern und einer hochwertigen Einlage auf Graphitbasis\" \/>\n<meta property=\"og:url\" content=\"https:\/\/tei.lu\/de\/produkt\/universelles-feuerwehrhalsband\/\" \/>\n<meta property=\"og:site_name\" content=\"TEI\" \/>\n<meta property=\"article:modified_time\" content=\"2025-09-12T11:24:58+00:00\" \/>\n<meta property=\"og:image\" content=\"https:\/\/tei.lu\/wp-content\/uploads\/2022\/03\/Unicollard-Promastop-UCE.jpg\" \/>\n\t<meta property=\"og:image:width\" content=\"500\" \/>\n\t<meta property=\"og:image:height\" content=\"500\" \/>\n\t<meta property=\"og:image:type\" content=\"image\/jpeg\" \/>\n<meta name=\"twitter:card\" content=\"summary_large_image\" \/>\n<meta name=\"twitter:label1\" content=\"Gesch\u00e4tzte Lesezeit\" \/>\n\t<meta name=\"twitter:data1\" content=\"1\u00a0Minute\" \/>\n<script type=\"application\/ld+json\" class=\"yoast-schema-graph\">{\"@context\":\"https:\\\/\\\/schema.org\",\"@graph\":[{\"@type\":\"WebPage\",\"@id\":\"https:\\\/\\\/tei.lu\\\/de\\\/produkt\\\/universelles-feuerwehrhalsband\\\/\",\"url\":\"https:\\\/\\\/tei.lu\\\/de\\\/produkt\\\/universelles-feuerwehrhalsband\\\/\",\"name\":\"Universelles Feuerwehrhalsband - TEI\",\"isPartOf\":{\"@id\":\"https:\\\/\\\/tei.lu\\\/de\\\/#website\"},\"primaryImageOfPage\":{\"@id\":\"https:\\\/\\\/tei.lu\\\/de\\\/produkt\\\/universelles-feuerwehrhalsband\\\/#primaryimage\"},\"image\":{\"@id\":\"https:\\\/\\\/tei.lu\\\/de\\\/produkt\\\/universelles-feuerwehrhalsband\\\/#primaryimage\"},\"thumbnailUrl\":\"https:\\\/\\\/tei.lu\\\/wp-content\\\/uploads\\\/2022\\\/03\\\/Unicollard-Promastop-UCE.jpg\",\"datePublished\":\"2022-03-07T16:53:59+00:00\",\"dateModified\":\"2025-09-12T11:24:58+00:00\",\"description\":\"Multicollar Slim ist ein universeller Feuerwehrkragen mit einer H\u00f6he von 30 mm, bestehend aus einem Edelstahlband mit 174 Gliedern und einer hochwertigen Einlage auf Graphitbasis\",\"breadcrumb\":{\"@id\":\"https:\\\/\\\/tei.lu\\\/de\\\/produkt\\\/universelles-feuerwehrhalsband\\\/#breadcrumb\"},\"inLanguage\":\"de\",\"potentialAction\":[{\"@type\":\"ReadAction\",\"target\":[\"https:\\\/\\\/tei.lu\\\/de\\\/produkt\\\/universelles-feuerwehrhalsband\\\/\"]}]},{\"@type\":\"ImageObject\",\"inLanguage\":\"de\",\"@id\":\"https:\\\/\\\/tei.lu\\\/de\\\/produkt\\\/universelles-feuerwehrhalsband\\\/#primaryimage\",\"url\":\"https:\\\/\\\/tei.lu\\\/wp-content\\\/uploads\\\/2022\\\/03\\\/Unicollard-Promastop-UCE.jpg\",\"contentUrl\":\"https:\\\/\\\/tei.lu\\\/wp-content\\\/uploads\\\/2022\\\/03\\\/Unicollard-Promastop-UCE.jpg\",\"width\":500,\"height\":500},{\"@type\":\"BreadcrumbList\",\"@id\":\"https:\\\/\\\/tei.lu\\\/de\\\/produkt\\\/universelles-feuerwehrhalsband\\\/#breadcrumb\",\"itemListElement\":[{\"@type\":\"ListItem\",\"position\":1,\"name\":\"Accueil\",\"item\":\"https:\\\/\\\/tei.lu\\\/de\\\/\"},{\"@type\":\"ListItem\",\"position\":2,\"name\":\"Shop\",\"item\":\"https:\\\/\\\/tei.lu\\\/de\\\/shop\\\/\"},{\"@type\":\"ListItem\",\"position\":3,\"name\":\"Universelles Feuerwehrhalsband\"}]},{\"@type\":\"WebSite\",\"@id\":\"https:\\\/\\\/tei.lu\\\/de\\\/#website\",\"url\":\"https:\\\/\\\/tei.lu\\\/de\\\/\",\"name\":\"TEI\",\"description\":\"Passive Fire Protection\",\"publisher\":{\"@id\":\"https:\\\/\\\/tei.lu\\\/de\\\/#organization\"},\"potentialAction\":[{\"@type\":\"SearchAction\",\"target\":{\"@type\":\"EntryPoint\",\"urlTemplate\":\"https:\\\/\\\/tei.lu\\\/de\\\/?s={search_term_string}\"},\"query-input\":{\"@type\":\"PropertyValueSpecification\",\"valueRequired\":true,\"valueName\":\"search_term_string\"}}],\"inLanguage\":\"de\"},{\"@type\":\"Organization\",\"@id\":\"https:\\\/\\\/tei.lu\\\/de\\\/#organization\",\"name\":\"TEI\",\"url\":\"https:\\\/\\\/tei.lu\\\/de\\\/\",\"logo\":{\"@type\":\"ImageObject\",\"inLanguage\":\"de\",\"@id\":\"https:\\\/\\\/tei.lu\\\/de\\\/#\\\/schema\\\/logo\\\/image\\\/\",\"url\":\"https:\\\/\\\/tei.lu\\\/wp-content\\\/uploads\\\/2023\\\/04\\\/logo-tei-bleu.png\",\"contentUrl\":\"https:\\\/\\\/tei.lu\\\/wp-content\\\/uploads\\\/2023\\\/04\\\/logo-tei-bleu.png\",\"width\":801,\"height\":529,\"caption\":\"TEI\"},\"image\":{\"@id\":\"https:\\\/\\\/tei.lu\\\/de\\\/#\\\/schema\\\/logo\\\/image\\\/\"}}]}<\/script>\n<!-- \/ Yoast SEO plugin. -->","yoast_head_json":{"title":"Universelles Feuerwehrhalsband - TEI","description":"Multicollar Slim ist ein universeller Feuerwehrkragen mit einer H\u00f6he von 30 mm, bestehend aus einem Edelstahlband mit 174 Gliedern und einer hochwertigen Einlage auf Graphitbasis","robots":{"index":"index","follow":"follow","max-snippet":"max-snippet:-1","max-image-preview":"max-image-preview:large","max-video-preview":"max-video-preview:-1"},"canonical":"https:\/\/tei.lu\/de\/produkt\/universelles-feuerwehrhalsband\/","og_locale":"de_DE","og_type":"article","og_title":"Universelles Feuerwehrhalsband - TEI","og_description":"Multicollar Slim ist ein universeller Feuerwehrkragen mit einer H\u00f6he von 30 mm, bestehend aus einem Edelstahlband mit 174 Gliedern und einer hochwertigen Einlage auf Graphitbasis","og_url":"https:\/\/tei.lu\/de\/produkt\/universelles-feuerwehrhalsband\/","og_site_name":"TEI","article_modified_time":"2025-09-12T11:24:58+00:00","og_image":[{"width":500,"height":500,"url":"https:\/\/tei.lu\/wp-content\/uploads\/2022\/03\/Unicollard-Promastop-UCE.jpg","type":"image\/jpeg"}],"twitter_card":"summary_large_image","twitter_misc":{"Gesch\u00e4tzte Lesezeit":"1\u00a0Minute"},"schema":{"@context":"https:\/\/schema.org","@graph":[{"@type":"WebPage","@id":"https:\/\/tei.lu\/de\/produkt\/universelles-feuerwehrhalsband\/","url":"https:\/\/tei.lu\/de\/produkt\/universelles-feuerwehrhalsband\/","name":"Universelles Feuerwehrhalsband - TEI","isPartOf":{"@id":"https:\/\/tei.lu\/de\/#website"},"primaryImageOfPage":{"@id":"https:\/\/tei.lu\/de\/produkt\/universelles-feuerwehrhalsband\/#primaryimage"},"image":{"@id":"https:\/\/tei.lu\/de\/produkt\/universelles-feuerwehrhalsband\/#primaryimage"},"thumbnailUrl":"https:\/\/tei.lu\/wp-content\/uploads\/2022\/03\/Unicollard-Promastop-UCE.jpg","datePublished":"2022-03-07T16:53:59+00:00","dateModified":"2025-09-12T11:24:58+00:00","description":"Multicollar Slim ist ein universeller Feuerwehrkragen mit einer H\u00f6he von 30 mm, bestehend aus einem Edelstahlband mit 174 Gliedern und einer hochwertigen Einlage auf Graphitbasis","breadcrumb":{"@id":"https:\/\/tei.lu\/de\/produkt\/universelles-feuerwehrhalsband\/#breadcrumb"},"inLanguage":"de","potentialAction":[{"@type":"ReadAction","target":["https:\/\/tei.lu\/de\/produkt\/universelles-feuerwehrhalsband\/"]}]},{"@type":"ImageObject","inLanguage":"de","@id":"https:\/\/tei.lu\/de\/produkt\/universelles-feuerwehrhalsband\/#primaryimage","url":"https:\/\/tei.lu\/wp-content\/uploads\/2022\/03\/Unicollard-Promastop-UCE.jpg","contentUrl":"https:\/\/tei.lu\/wp-content\/uploads\/2022\/03\/Unicollard-Promastop-UCE.jpg","width":500,"height":500},{"@type":"BreadcrumbList","@id":"https:\/\/tei.lu\/de\/produkt\/universelles-feuerwehrhalsband\/#breadcrumb","itemListElement":[{"@type":"ListItem","position":1,"name":"Accueil","item":"https:\/\/tei.lu\/de\/"},{"@type":"ListItem","position":2,"name":"Shop","item":"https:\/\/tei.lu\/de\/shop\/"},{"@type":"ListItem","position":3,"name":"Universelles Feuerwehrhalsband"}]},{"@type":"WebSite","@id":"https:\/\/tei.lu\/de\/#website","url":"https:\/\/tei.lu\/de\/","name":"TEI","description":"Passive Fire Protection","publisher":{"@id":"https:\/\/tei.lu\/de\/#organization"},"potentialAction":[{"@type":"SearchAction","target":{"@type":"EntryPoint","urlTemplate":"https:\/\/tei.lu\/de\/?s={search_term_string}"},"query-input":{"@type":"PropertyValueSpecification","valueRequired":true,"valueName":"search_term_string"}}],"inLanguage":"de"},{"@type":"Organization","@id":"https:\/\/tei.lu\/de\/#organization","name":"TEI","url":"https:\/\/tei.lu\/de\/","logo":{"@type":"ImageObject","inLanguage":"de","@id":"https:\/\/tei.lu\/de\/#\/schema\/logo\/image\/","url":"https:\/\/tei.lu\/wp-content\/uploads\/2023\/04\/logo-tei-bleu.png","contentUrl":"https:\/\/tei.lu\/wp-content\/uploads\/2023\/04\/logo-tei-bleu.png","width":801,"height":529,"caption":"TEI"},"image":{"@id":"https:\/\/tei.lu\/de\/#\/schema\/logo\/image\/"}}]}},"_links":{"self":[{"href":"https:\/\/tei.lu\/de\/wp-json\/wp\/v2\/product\/15274","targetHints":{"allow":["GET"]}}],"collection":[{"href":"https:\/\/tei.lu\/de\/wp-json\/wp\/v2\/product"}],"about":[{"href":"https:\/\/tei.lu\/de\/wp-json\/wp\/v2\/types\/product"}],"wp:featuredmedia":[{"embeddable":true,"href":"https:\/\/tei.lu\/de\/wp-json\/wp\/v2\/media\/8715"}],"wp:attachment":[{"href":"https:\/\/tei.lu\/de\/wp-json\/wp\/v2\/media?parent=15274"}],"wp:term":[{"taxonomy":"product_brand","embeddable":true,"href":"https:\/\/tei.lu\/de\/wp-json\/wp\/v2\/product_brand?post=15274"},{"taxonomy":"product_cat","embeddable":true,"href":"https:\/\/tei.lu\/de\/wp-json\/wp\/v2\/product_cat?post=15274"},{"taxonomy":"product_tag","embeddable":true,"href":"https:\/\/tei.lu\/de\/wp-json\/wp\/v2\/product_tag?post=15274"}],"curies":[{"name":"wp","href":"https:\/\/api.w.org\/{rel}","templated":true}]}}