{"id":13037,"date":"2020-04-27T17:26:54","date_gmt":"2020-04-27T15:26:54","guid":{"rendered":"http:\/\/tei.lu\/product\/feuerschutz-huelsen-ei-mt2\/"},"modified":"2023-06-27T16:27:57","modified_gmt":"2023-06-27T14:27:57","slug":"feuerschutz-huelsen-ei-mt2","status":"publish","type":"product","link":"https:\/\/tei.lu\/de\/produkt\/feuerschutz-huelsen-ei-mt2\/","title":{"rendered":"Feuerschutz-H\u00fclsen Ei &#8211; MT2"},"content":{"rendered":"","protected":false},"excerpt":{"rendered":"<p>Die Brandschutz-H\u00fclsen werden an Stellen angebracht, an denen die synthetischen Rohre durch B\u00f6den, W\u00e4nde und\/oder Brandschutzwandf\u00fchren. Bei einem Brand schwillt das innerlich in der Scheide angebrachte Produkt an und schlie\u00dft den Schlauch vollst\u00e4ndig wieder. So wird die Ausbreitung von Rauch und Feuer in den Bereichen in der Brandschutzzone vermieden.<br \/>\nDie H\u00fclse schlie\u00dft die synthetischen Rohre vollst\u00e4ndig. Die H\u00fclsen MT2 mussen eingelassen werden. Die Platzierung ist sehr einfach und schnell, auch an Orten mit wenig Platz.<br \/>\nDie T-Ei-H\u00fclsen MT2 werden als Betonwand aus Zellbeton, leichtem Schott und Gesteinsschott nach denderzeit geltenden europ\u00e4ischen Normen getestet 1366-3, ETAG 026-4:2008, EN1364-1\/2015 EN FPRen1364-5:2017<\/p>\n","protected":false},"featured_media":7931,"template":"","meta":{"_acf_changed":false},"product_brand":[],"product_cat":[102],"product_tag":[],"class_list":{"0":"post-13037","1":"product","2":"type-product","3":"status-publish","4":"has-post-thumbnail","6":"product_cat-feuerschutz-huelsen","8":"first","9":"instock","10":"taxable","11":"shipping-taxable","12":"purchasable","13":"product-type-variable"},"acf":[],"yoast_head":"<!-- This site is optimized with the Yoast SEO plugin v27.3 - https:\/\/yoast.com\/product\/yoast-seo-wordpress\/ -->\n<title>Feuerschutz-H\u00fclsen Ei - MT2 - TEI<\/title>\n<meta name=\"robots\" content=\"index, follow, max-snippet:-1, max-image-preview:large, max-video-preview:-1\" \/>\n<link rel=\"canonical\" href=\"https:\/\/tei.lu\/de\/produkt\/feuerschutz-huelsen-ei-mt2\/\" \/>\n<meta property=\"og:locale\" content=\"de_DE\" \/>\n<meta property=\"og:type\" content=\"article\" \/>\n<meta property=\"og:title\" content=\"Feuerschutz-H\u00fclsen Ei - MT2 - TEI\" \/>\n<meta property=\"og:description\" content=\"Die Brandschutz-H\u00fclsen werden an Stellen angebracht, an denen die synthetischen Rohre durch B\u00f6den, W\u00e4nde und\/oder Brandschutzwandf\u00fchren. Bei einem Brand schwillt das innerlich in der Scheide angebrachte Produkt an und schlie\u00dft den Schlauch vollst\u00e4ndig wieder. So wird die Ausbreitung von Rauch und Feuer in den Bereichen in der Brandschutzzone vermieden. Die H\u00fclse schlie\u00dft die synthetischen Rohre vollst\u00e4ndig. Die H\u00fclsen MT2 mussen eingelassen werden. Die Platzierung ist sehr einfach und schnell, auch an Orten mit wenig Platz. Die T-Ei-H\u00fclsen MT2 werden als Betonwand aus Zellbeton, leichtem Schott und Gesteinsschott nach denderzeit geltenden europ\u00e4ischen Normen getestet 1366-3, ETAG 026-4:2008, EN1364-1\/2015 EN FPRen1364-5:2017\" \/>\n<meta property=\"og:url\" content=\"https:\/\/tei.lu\/de\/produkt\/feuerschutz-huelsen-ei-mt2\/\" \/>\n<meta property=\"og:site_name\" content=\"TEI\" \/>\n<meta property=\"article:modified_time\" content=\"2023-06-27T14:27:57+00:00\" \/>\n<meta property=\"og:image\" content=\"https:\/\/tei.lu\/wp-content\/uploads\/2020\/04\/manchon.jpg\" \/>\n\t<meta property=\"og:image:width\" content=\"500\" \/>\n\t<meta property=\"og:image:height\" content=\"500\" \/>\n\t<meta property=\"og:image:type\" content=\"image\/jpeg\" \/>\n<meta name=\"twitter:card\" content=\"summary_large_image\" \/>\n<script type=\"application\/ld+json\" class=\"yoast-schema-graph\">{\"@context\":\"https:\\\/\\\/schema.org\",\"@graph\":[{\"@type\":\"WebPage\",\"@id\":\"https:\\\/\\\/tei.lu\\\/de\\\/produkt\\\/feuerschutz-huelsen-ei-mt2\\\/\",\"url\":\"https:\\\/\\\/tei.lu\\\/de\\\/produkt\\\/feuerschutz-huelsen-ei-mt2\\\/\",\"name\":\"Feuerschutz-H\u00fclsen Ei - MT2 - TEI\",\"isPartOf\":{\"@id\":\"https:\\\/\\\/tei.lu\\\/de\\\/#website\"},\"primaryImageOfPage\":{\"@id\":\"https:\\\/\\\/tei.lu\\\/de\\\/produkt\\\/feuerschutz-huelsen-ei-mt2\\\/#primaryimage\"},\"image\":{\"@id\":\"https:\\\/\\\/tei.lu\\\/de\\\/produkt\\\/feuerschutz-huelsen-ei-mt2\\\/#primaryimage\"},\"thumbnailUrl\":\"https:\\\/\\\/tei.lu\\\/wp-content\\\/uploads\\\/2020\\\/04\\\/manchon.jpg\",\"datePublished\":\"2020-04-27T15:26:54+00:00\",\"dateModified\":\"2023-06-27T14:27:57+00:00\",\"breadcrumb\":{\"@id\":\"https:\\\/\\\/tei.lu\\\/de\\\/produkt\\\/feuerschutz-huelsen-ei-mt2\\\/#breadcrumb\"},\"inLanguage\":\"de\",\"potentialAction\":[{\"@type\":\"ReadAction\",\"target\":[\"https:\\\/\\\/tei.lu\\\/de\\\/produkt\\\/feuerschutz-huelsen-ei-mt2\\\/\"]}]},{\"@type\":\"ImageObject\",\"inLanguage\":\"de\",\"@id\":\"https:\\\/\\\/tei.lu\\\/de\\\/produkt\\\/feuerschutz-huelsen-ei-mt2\\\/#primaryimage\",\"url\":\"https:\\\/\\\/tei.lu\\\/wp-content\\\/uploads\\\/2020\\\/04\\\/manchon.jpg\",\"contentUrl\":\"https:\\\/\\\/tei.lu\\\/wp-content\\\/uploads\\\/2020\\\/04\\\/manchon.jpg\",\"width\":500,\"height\":500},{\"@type\":\"BreadcrumbList\",\"@id\":\"https:\\\/\\\/tei.lu\\\/de\\\/produkt\\\/feuerschutz-huelsen-ei-mt2\\\/#breadcrumb\",\"itemListElement\":[{\"@type\":\"ListItem\",\"position\":1,\"name\":\"Accueil\",\"item\":\"https:\\\/\\\/tei.lu\\\/de\\\/\"},{\"@type\":\"ListItem\",\"position\":2,\"name\":\"Shop\",\"item\":\"https:\\\/\\\/tei.lu\\\/de\\\/shop\\\/\"},{\"@type\":\"ListItem\",\"position\":3,\"name\":\"Feuerschutz-H\u00fclsen Ei &#8211; MT2\"}]},{\"@type\":\"WebSite\",\"@id\":\"https:\\\/\\\/tei.lu\\\/de\\\/#website\",\"url\":\"https:\\\/\\\/tei.lu\\\/de\\\/\",\"name\":\"TEI\",\"description\":\"Passive Fire Protection\",\"publisher\":{\"@id\":\"https:\\\/\\\/tei.lu\\\/de\\\/#organization\"},\"potentialAction\":[{\"@type\":\"SearchAction\",\"target\":{\"@type\":\"EntryPoint\",\"urlTemplate\":\"https:\\\/\\\/tei.lu\\\/de\\\/?s={search_term_string}\"},\"query-input\":{\"@type\":\"PropertyValueSpecification\",\"valueRequired\":true,\"valueName\":\"search_term_string\"}}],\"inLanguage\":\"de\"},{\"@type\":\"Organization\",\"@id\":\"https:\\\/\\\/tei.lu\\\/de\\\/#organization\",\"name\":\"TEI\",\"url\":\"https:\\\/\\\/tei.lu\\\/de\\\/\",\"logo\":{\"@type\":\"ImageObject\",\"inLanguage\":\"de\",\"@id\":\"https:\\\/\\\/tei.lu\\\/de\\\/#\\\/schema\\\/logo\\\/image\\\/\",\"url\":\"https:\\\/\\\/tei.lu\\\/wp-content\\\/uploads\\\/2023\\\/04\\\/logo-tei-bleu.png\",\"contentUrl\":\"https:\\\/\\\/tei.lu\\\/wp-content\\\/uploads\\\/2023\\\/04\\\/logo-tei-bleu.png\",\"width\":801,\"height\":529,\"caption\":\"TEI\"},\"image\":{\"@id\":\"https:\\\/\\\/tei.lu\\\/de\\\/#\\\/schema\\\/logo\\\/image\\\/\"}}]}<\/script>\n<!-- \/ Yoast SEO plugin. -->","yoast_head_json":{"title":"Feuerschutz-H\u00fclsen Ei - MT2 - TEI","robots":{"index":"index","follow":"follow","max-snippet":"max-snippet:-1","max-image-preview":"max-image-preview:large","max-video-preview":"max-video-preview:-1"},"canonical":"https:\/\/tei.lu\/de\/produkt\/feuerschutz-huelsen-ei-mt2\/","og_locale":"de_DE","og_type":"article","og_title":"Feuerschutz-H\u00fclsen Ei - MT2 - TEI","og_description":"Die Brandschutz-H\u00fclsen werden an Stellen angebracht, an denen die synthetischen Rohre durch B\u00f6den, W\u00e4nde und\/oder Brandschutzwandf\u00fchren. Bei einem Brand schwillt das innerlich in der Scheide angebrachte Produkt an und schlie\u00dft den Schlauch vollst\u00e4ndig wieder. So wird die Ausbreitung von Rauch und Feuer in den Bereichen in der Brandschutzzone vermieden. Die H\u00fclse schlie\u00dft die synthetischen Rohre vollst\u00e4ndig. Die H\u00fclsen MT2 mussen eingelassen werden. Die Platzierung ist sehr einfach und schnell, auch an Orten mit wenig Platz. Die T-Ei-H\u00fclsen MT2 werden als Betonwand aus Zellbeton, leichtem Schott und Gesteinsschott nach denderzeit geltenden europ\u00e4ischen Normen getestet 1366-3, ETAG 026-4:2008, EN1364-1\/2015 EN FPRen1364-5:2017","og_url":"https:\/\/tei.lu\/de\/produkt\/feuerschutz-huelsen-ei-mt2\/","og_site_name":"TEI","article_modified_time":"2023-06-27T14:27:57+00:00","og_image":[{"width":500,"height":500,"url":"https:\/\/tei.lu\/wp-content\/uploads\/2020\/04\/manchon.jpg","type":"image\/jpeg"}],"twitter_card":"summary_large_image","schema":{"@context":"https:\/\/schema.org","@graph":[{"@type":"WebPage","@id":"https:\/\/tei.lu\/de\/produkt\/feuerschutz-huelsen-ei-mt2\/","url":"https:\/\/tei.lu\/de\/produkt\/feuerschutz-huelsen-ei-mt2\/","name":"Feuerschutz-H\u00fclsen Ei - MT2 - TEI","isPartOf":{"@id":"https:\/\/tei.lu\/de\/#website"},"primaryImageOfPage":{"@id":"https:\/\/tei.lu\/de\/produkt\/feuerschutz-huelsen-ei-mt2\/#primaryimage"},"image":{"@id":"https:\/\/tei.lu\/de\/produkt\/feuerschutz-huelsen-ei-mt2\/#primaryimage"},"thumbnailUrl":"https:\/\/tei.lu\/wp-content\/uploads\/2020\/04\/manchon.jpg","datePublished":"2020-04-27T15:26:54+00:00","dateModified":"2023-06-27T14:27:57+00:00","breadcrumb":{"@id":"https:\/\/tei.lu\/de\/produkt\/feuerschutz-huelsen-ei-mt2\/#breadcrumb"},"inLanguage":"de","potentialAction":[{"@type":"ReadAction","target":["https:\/\/tei.lu\/de\/produkt\/feuerschutz-huelsen-ei-mt2\/"]}]},{"@type":"ImageObject","inLanguage":"de","@id":"https:\/\/tei.lu\/de\/produkt\/feuerschutz-huelsen-ei-mt2\/#primaryimage","url":"https:\/\/tei.lu\/wp-content\/uploads\/2020\/04\/manchon.jpg","contentUrl":"https:\/\/tei.lu\/wp-content\/uploads\/2020\/04\/manchon.jpg","width":500,"height":500},{"@type":"BreadcrumbList","@id":"https:\/\/tei.lu\/de\/produkt\/feuerschutz-huelsen-ei-mt2\/#breadcrumb","itemListElement":[{"@type":"ListItem","position":1,"name":"Accueil","item":"https:\/\/tei.lu\/de\/"},{"@type":"ListItem","position":2,"name":"Shop","item":"https:\/\/tei.lu\/de\/shop\/"},{"@type":"ListItem","position":3,"name":"Feuerschutz-H\u00fclsen Ei &#8211; MT2"}]},{"@type":"WebSite","@id":"https:\/\/tei.lu\/de\/#website","url":"https:\/\/tei.lu\/de\/","name":"TEI","description":"Passive Fire Protection","publisher":{"@id":"https:\/\/tei.lu\/de\/#organization"},"potentialAction":[{"@type":"SearchAction","target":{"@type":"EntryPoint","urlTemplate":"https:\/\/tei.lu\/de\/?s={search_term_string}"},"query-input":{"@type":"PropertyValueSpecification","valueRequired":true,"valueName":"search_term_string"}}],"inLanguage":"de"},{"@type":"Organization","@id":"https:\/\/tei.lu\/de\/#organization","name":"TEI","url":"https:\/\/tei.lu\/de\/","logo":{"@type":"ImageObject","inLanguage":"de","@id":"https:\/\/tei.lu\/de\/#\/schema\/logo\/image\/","url":"https:\/\/tei.lu\/wp-content\/uploads\/2023\/04\/logo-tei-bleu.png","contentUrl":"https:\/\/tei.lu\/wp-content\/uploads\/2023\/04\/logo-tei-bleu.png","width":801,"height":529,"caption":"TEI"},"image":{"@id":"https:\/\/tei.lu\/de\/#\/schema\/logo\/image\/"}}]}},"_links":{"self":[{"href":"https:\/\/tei.lu\/de\/wp-json\/wp\/v2\/product\/13037","targetHints":{"allow":["GET"]}}],"collection":[{"href":"https:\/\/tei.lu\/de\/wp-json\/wp\/v2\/product"}],"about":[{"href":"https:\/\/tei.lu\/de\/wp-json\/wp\/v2\/types\/product"}],"wp:featuredmedia":[{"embeddable":true,"href":"https:\/\/tei.lu\/de\/wp-json\/wp\/v2\/media\/7931"}],"wp:attachment":[{"href":"https:\/\/tei.lu\/de\/wp-json\/wp\/v2\/media?parent=13037"}],"wp:term":[{"taxonomy":"product_brand","embeddable":true,"href":"https:\/\/tei.lu\/de\/wp-json\/wp\/v2\/product_brand?post=13037"},{"taxonomy":"product_cat","embeddable":true,"href":"https:\/\/tei.lu\/de\/wp-json\/wp\/v2\/product_cat?post=13037"},{"taxonomy":"product_tag","embeddable":true,"href":"https:\/\/tei.lu\/de\/wp-json\/wp\/v2\/product_tag?post=13037"}],"curies":[{"name":"wp","href":"https:\/\/api.w.org\/{rel}","templated":true}]}}