{"id":11852,"date":"2023-03-14T09:33:56","date_gmt":"2023-03-14T08:33:56","guid":{"rendered":"http:\/\/tei.lu\/product\/feuerfeste-gitter-gr1cc-ei-60\/"},"modified":"2023-06-27T17:12:08","modified_gmt":"2023-06-27T15:12:08","slug":"feuerfeste-gitter-gr1cc-ei-60","status":"publish","type":"product","link":"https:\/\/tei.lu\/de\/produkt\/feuerfeste-gitter-gr1cc-ei-60\/","title":{"rendered":"Feuerfeste Gitter GR1CC  Ei-60"},"content":{"rendered":"","protected":false},"excerpt":{"rendered":"<p>Feuerfeste Gitter reagieren bei niedrigen Temperaturen (ab 100oC). Die Gitter schlossen schnell (in<\/p>\n<ul>\n<li>Einfache Installation.<\/li>\n<li>Nur f\u00fcr den Innenbereich<\/li>\n<\/ul>\n<p>Die Gitter werden einfach in den Putz- oder Silikonw\u00e4nden versiegelt, wenn die verf\u00fcgbare Reserve weniger als 5 mm betr\u00e4gt.<br \/>\nDie Feuerfeste Gitter werden nach den europ\u00e4ischen Normen EN1366-3 :2009, EN1364-1 :2015 en FprEN1364-5:2017 getestet.<\/p>\n","protected":false},"featured_media":16642,"template":"","meta":{"_acf_changed":false},"product_brand":[],"product_cat":[95],"product_tag":[],"class_list":{"0":"post-11852","1":"product","2":"type-product","3":"status-publish","4":"has-post-thumbnail","6":"product_cat-feuerfeste-gitter","8":"first","9":"instock","10":"taxable","11":"shipping-taxable","12":"purchasable","13":"product-type-variable"},"acf":[],"yoast_head":"<!-- This site is optimized with the Yoast SEO plugin v27.3 - https:\/\/yoast.com\/product\/yoast-seo-wordpress\/ -->\n<title>Feuerfeste Gitter GR1CC Ei-60 - TEI<\/title>\n<meta name=\"robots\" content=\"index, follow, max-snippet:-1, max-image-preview:large, max-video-preview:-1\" \/>\n<link rel=\"canonical\" href=\"https:\/\/tei.lu\/de\/produkt\/feuerfeste-gitter-gr1cc-ei-60\/\" \/>\n<meta property=\"og:locale\" content=\"de_DE\" \/>\n<meta property=\"og:type\" content=\"article\" \/>\n<meta property=\"og:title\" content=\"Feuerfeste Gitter GR1CC Ei-60 - TEI\" \/>\n<meta property=\"og:description\" content=\"Feuerfeste Gitter reagieren bei niedrigen Temperaturen (ab 100oC). Die Gitter schlossen schnell (in  Einfache Installation. Nur f\u00fcr den Innenbereich  Die Gitter werden einfach in den Putz- oder Silikonw\u00e4nden versiegelt, wenn die verf\u00fcgbare Reserve weniger als 5 mm betr\u00e4gt. Die Feuerfeste Gitter werden nach den europ\u00e4ischen Normen EN1366-3 :2009, EN1364-1 :2015 en FprEN1364-5:2017 getestet.\" \/>\n<meta property=\"og:url\" content=\"https:\/\/tei.lu\/de\/produkt\/feuerfeste-gitter-gr1cc-ei-60\/\" \/>\n<meta property=\"og:site_name\" content=\"TEI\" \/>\n<meta property=\"article:modified_time\" content=\"2023-06-27T15:12:08+00:00\" \/>\n<meta property=\"og:image\" content=\"https:\/\/tei.lu\/wp-content\/uploads\/2023\/03\/GR1CC-dans-une-porte.png\" \/>\n\t<meta property=\"og:image:width\" content=\"613\" \/>\n\t<meta property=\"og:image:height\" content=\"645\" \/>\n\t<meta property=\"og:image:type\" content=\"image\/png\" \/>\n<meta name=\"twitter:card\" content=\"summary_large_image\" \/>\n<script type=\"application\/ld+json\" class=\"yoast-schema-graph\">{\"@context\":\"https:\\\/\\\/schema.org\",\"@graph\":[{\"@type\":\"WebPage\",\"@id\":\"https:\\\/\\\/tei.lu\\\/de\\\/produkt\\\/feuerfeste-gitter-gr1cc-ei-60\\\/\",\"url\":\"https:\\\/\\\/tei.lu\\\/de\\\/produkt\\\/feuerfeste-gitter-gr1cc-ei-60\\\/\",\"name\":\"Feuerfeste Gitter GR1CC Ei-60 - TEI\",\"isPartOf\":{\"@id\":\"https:\\\/\\\/tei.lu\\\/de\\\/#website\"},\"primaryImageOfPage\":{\"@id\":\"https:\\\/\\\/tei.lu\\\/de\\\/produkt\\\/feuerfeste-gitter-gr1cc-ei-60\\\/#primaryimage\"},\"image\":{\"@id\":\"https:\\\/\\\/tei.lu\\\/de\\\/produkt\\\/feuerfeste-gitter-gr1cc-ei-60\\\/#primaryimage\"},\"thumbnailUrl\":\"https:\\\/\\\/tei.lu\\\/wp-content\\\/uploads\\\/2023\\\/03\\\/GR1CC-dans-une-porte.png\",\"datePublished\":\"2023-03-14T08:33:56+00:00\",\"dateModified\":\"2023-06-27T15:12:08+00:00\",\"breadcrumb\":{\"@id\":\"https:\\\/\\\/tei.lu\\\/de\\\/produkt\\\/feuerfeste-gitter-gr1cc-ei-60\\\/#breadcrumb\"},\"inLanguage\":\"de\",\"potentialAction\":[{\"@type\":\"ReadAction\",\"target\":[\"https:\\\/\\\/tei.lu\\\/de\\\/produkt\\\/feuerfeste-gitter-gr1cc-ei-60\\\/\"]}]},{\"@type\":\"ImageObject\",\"inLanguage\":\"de\",\"@id\":\"https:\\\/\\\/tei.lu\\\/de\\\/produkt\\\/feuerfeste-gitter-gr1cc-ei-60\\\/#primaryimage\",\"url\":\"https:\\\/\\\/tei.lu\\\/wp-content\\\/uploads\\\/2023\\\/03\\\/GR1CC-dans-une-porte.png\",\"contentUrl\":\"https:\\\/\\\/tei.lu\\\/wp-content\\\/uploads\\\/2023\\\/03\\\/GR1CC-dans-une-porte.png\",\"width\":613,\"height\":645,\"caption\":\"GR1CC dans une porte\"},{\"@type\":\"BreadcrumbList\",\"@id\":\"https:\\\/\\\/tei.lu\\\/de\\\/produkt\\\/feuerfeste-gitter-gr1cc-ei-60\\\/#breadcrumb\",\"itemListElement\":[{\"@type\":\"ListItem\",\"position\":1,\"name\":\"Accueil\",\"item\":\"https:\\\/\\\/tei.lu\\\/de\\\/\"},{\"@type\":\"ListItem\",\"position\":2,\"name\":\"Shop\",\"item\":\"https:\\\/\\\/tei.lu\\\/de\\\/shop\\\/\"},{\"@type\":\"ListItem\",\"position\":3,\"name\":\"Feuerfeste Gitter GR1CC Ei-60\"}]},{\"@type\":\"WebSite\",\"@id\":\"https:\\\/\\\/tei.lu\\\/de\\\/#website\",\"url\":\"https:\\\/\\\/tei.lu\\\/de\\\/\",\"name\":\"TEI\",\"description\":\"Passive Fire Protection\",\"publisher\":{\"@id\":\"https:\\\/\\\/tei.lu\\\/de\\\/#organization\"},\"potentialAction\":[{\"@type\":\"SearchAction\",\"target\":{\"@type\":\"EntryPoint\",\"urlTemplate\":\"https:\\\/\\\/tei.lu\\\/de\\\/?s={search_term_string}\"},\"query-input\":{\"@type\":\"PropertyValueSpecification\",\"valueRequired\":true,\"valueName\":\"search_term_string\"}}],\"inLanguage\":\"de\"},{\"@type\":\"Organization\",\"@id\":\"https:\\\/\\\/tei.lu\\\/de\\\/#organization\",\"name\":\"TEI\",\"url\":\"https:\\\/\\\/tei.lu\\\/de\\\/\",\"logo\":{\"@type\":\"ImageObject\",\"inLanguage\":\"de\",\"@id\":\"https:\\\/\\\/tei.lu\\\/de\\\/#\\\/schema\\\/logo\\\/image\\\/\",\"url\":\"https:\\\/\\\/tei.lu\\\/wp-content\\\/uploads\\\/2023\\\/04\\\/logo-tei-bleu.png\",\"contentUrl\":\"https:\\\/\\\/tei.lu\\\/wp-content\\\/uploads\\\/2023\\\/04\\\/logo-tei-bleu.png\",\"width\":801,\"height\":529,\"caption\":\"TEI\"},\"image\":{\"@id\":\"https:\\\/\\\/tei.lu\\\/de\\\/#\\\/schema\\\/logo\\\/image\\\/\"}}]}<\/script>\n<!-- \/ Yoast SEO plugin. -->","yoast_head_json":{"title":"Feuerfeste Gitter GR1CC Ei-60 - TEI","robots":{"index":"index","follow":"follow","max-snippet":"max-snippet:-1","max-image-preview":"max-image-preview:large","max-video-preview":"max-video-preview:-1"},"canonical":"https:\/\/tei.lu\/de\/produkt\/feuerfeste-gitter-gr1cc-ei-60\/","og_locale":"de_DE","og_type":"article","og_title":"Feuerfeste Gitter GR1CC Ei-60 - TEI","og_description":"Feuerfeste Gitter reagieren bei niedrigen Temperaturen (ab 100oC). Die Gitter schlossen schnell (in  Einfache Installation. Nur f\u00fcr den Innenbereich  Die Gitter werden einfach in den Putz- oder Silikonw\u00e4nden versiegelt, wenn die verf\u00fcgbare Reserve weniger als 5 mm betr\u00e4gt. Die Feuerfeste Gitter werden nach den europ\u00e4ischen Normen EN1366-3 :2009, EN1364-1 :2015 en FprEN1364-5:2017 getestet.","og_url":"https:\/\/tei.lu\/de\/produkt\/feuerfeste-gitter-gr1cc-ei-60\/","og_site_name":"TEI","article_modified_time":"2023-06-27T15:12:08+00:00","og_image":[{"width":613,"height":645,"url":"https:\/\/tei.lu\/wp-content\/uploads\/2023\/03\/GR1CC-dans-une-porte.png","type":"image\/png"}],"twitter_card":"summary_large_image","schema":{"@context":"https:\/\/schema.org","@graph":[{"@type":"WebPage","@id":"https:\/\/tei.lu\/de\/produkt\/feuerfeste-gitter-gr1cc-ei-60\/","url":"https:\/\/tei.lu\/de\/produkt\/feuerfeste-gitter-gr1cc-ei-60\/","name":"Feuerfeste Gitter GR1CC Ei-60 - TEI","isPartOf":{"@id":"https:\/\/tei.lu\/de\/#website"},"primaryImageOfPage":{"@id":"https:\/\/tei.lu\/de\/produkt\/feuerfeste-gitter-gr1cc-ei-60\/#primaryimage"},"image":{"@id":"https:\/\/tei.lu\/de\/produkt\/feuerfeste-gitter-gr1cc-ei-60\/#primaryimage"},"thumbnailUrl":"https:\/\/tei.lu\/wp-content\/uploads\/2023\/03\/GR1CC-dans-une-porte.png","datePublished":"2023-03-14T08:33:56+00:00","dateModified":"2023-06-27T15:12:08+00:00","breadcrumb":{"@id":"https:\/\/tei.lu\/de\/produkt\/feuerfeste-gitter-gr1cc-ei-60\/#breadcrumb"},"inLanguage":"de","potentialAction":[{"@type":"ReadAction","target":["https:\/\/tei.lu\/de\/produkt\/feuerfeste-gitter-gr1cc-ei-60\/"]}]},{"@type":"ImageObject","inLanguage":"de","@id":"https:\/\/tei.lu\/de\/produkt\/feuerfeste-gitter-gr1cc-ei-60\/#primaryimage","url":"https:\/\/tei.lu\/wp-content\/uploads\/2023\/03\/GR1CC-dans-une-porte.png","contentUrl":"https:\/\/tei.lu\/wp-content\/uploads\/2023\/03\/GR1CC-dans-une-porte.png","width":613,"height":645,"caption":"GR1CC dans une porte"},{"@type":"BreadcrumbList","@id":"https:\/\/tei.lu\/de\/produkt\/feuerfeste-gitter-gr1cc-ei-60\/#breadcrumb","itemListElement":[{"@type":"ListItem","position":1,"name":"Accueil","item":"https:\/\/tei.lu\/de\/"},{"@type":"ListItem","position":2,"name":"Shop","item":"https:\/\/tei.lu\/de\/shop\/"},{"@type":"ListItem","position":3,"name":"Feuerfeste Gitter GR1CC Ei-60"}]},{"@type":"WebSite","@id":"https:\/\/tei.lu\/de\/#website","url":"https:\/\/tei.lu\/de\/","name":"TEI","description":"Passive Fire Protection","publisher":{"@id":"https:\/\/tei.lu\/de\/#organization"},"potentialAction":[{"@type":"SearchAction","target":{"@type":"EntryPoint","urlTemplate":"https:\/\/tei.lu\/de\/?s={search_term_string}"},"query-input":{"@type":"PropertyValueSpecification","valueRequired":true,"valueName":"search_term_string"}}],"inLanguage":"de"},{"@type":"Organization","@id":"https:\/\/tei.lu\/de\/#organization","name":"TEI","url":"https:\/\/tei.lu\/de\/","logo":{"@type":"ImageObject","inLanguage":"de","@id":"https:\/\/tei.lu\/de\/#\/schema\/logo\/image\/","url":"https:\/\/tei.lu\/wp-content\/uploads\/2023\/04\/logo-tei-bleu.png","contentUrl":"https:\/\/tei.lu\/wp-content\/uploads\/2023\/04\/logo-tei-bleu.png","width":801,"height":529,"caption":"TEI"},"image":{"@id":"https:\/\/tei.lu\/de\/#\/schema\/logo\/image\/"}}]}},"_links":{"self":[{"href":"https:\/\/tei.lu\/de\/wp-json\/wp\/v2\/product\/11852","targetHints":{"allow":["GET"]}}],"collection":[{"href":"https:\/\/tei.lu\/de\/wp-json\/wp\/v2\/product"}],"about":[{"href":"https:\/\/tei.lu\/de\/wp-json\/wp\/v2\/types\/product"}],"wp:featuredmedia":[{"embeddable":true,"href":"https:\/\/tei.lu\/de\/wp-json\/wp\/v2\/media\/16642"}],"wp:attachment":[{"href":"https:\/\/tei.lu\/de\/wp-json\/wp\/v2\/media?parent=11852"}],"wp:term":[{"taxonomy":"product_brand","embeddable":true,"href":"https:\/\/tei.lu\/de\/wp-json\/wp\/v2\/product_brand?post=11852"},{"taxonomy":"product_cat","embeddable":true,"href":"https:\/\/tei.lu\/de\/wp-json\/wp\/v2\/product_cat?post=11852"},{"taxonomy":"product_tag","embeddable":true,"href":"https:\/\/tei.lu\/de\/wp-json\/wp\/v2\/product_tag?post=11852"}],"curies":[{"name":"wp","href":"https:\/\/api.w.org\/{rel}","templated":true}]}}